{"id":5957,"date":"2024-02-04T15:53:57","date_gmt":"2024-02-04T15:53:57","guid":{"rendered":"https:\/\/www.cdnsba.org\/?page_id=5957"},"modified":"2025-02-16T16:02:58","modified_gmt":"2025-02-16T16:02:58","slug":"internationally-trained-teachers","status":"publish","type":"page","link":"https:\/\/www.cdnsba.org\/fr\/internationally-trained-teachers\/","title":{"rendered":"Enseignants form\u00e9s \u00e0 l'international"},"content":{"rendered":"<style>.kadence-column5957_7d0ef5-5a > .kt-inside-inner-col,.kadence-column5957_7d0ef5-5a > .kt-inside-inner-col:before{border-top-left-radius:0px;border-top-right-radius:0px;border-bottom-right-radius:0px;border-bottom-left-radius:0px;}.kadence-column5957_7d0ef5-5a > .kt-inside-inner-col{column-gap:var(--global-kb-gap-sm, 1rem);}.kadence-column5957_7d0ef5-5a > .kt-inside-inner-col{flex-direction:column;}.kadence-column5957_7d0ef5-5a > .kt-inside-inner-col > .aligncenter{width:100%;}.kadence-column5957_7d0ef5-5a > .kt-inside-inner-col:before{opacity:0.3;}.kadence-column5957_7d0ef5-5a{position:relative;}@media all and (max-width: 1024px){.kadence-column5957_7d0ef5-5a > .kt-inside-inner-col{flex-direction:column;justify-content:center;}}@media all and (max-width: 767px){.kadence-column5957_7d0ef5-5a > .kt-inside-inner-col{flex-direction:column;justify-content:center;}}<\/style>\n<div class=\"wp-block-kadence-column kadence-column5957_7d0ef5-5a\"><div class=\"kt-inside-inner-col\">\n<h2 class=\"wp-block-heading\">Enseignants form\u00e9s \u00e0 l'international<\/h2>\n\n\n\n<figure class=\"wp-block-image size-large is-resized\"><img decoding=\"async\" width=\"1024\" height=\"512\" data-src=\"https:\/\/www.cdnsba.org\/wp-content\/uploads\/2025\/02\/intl-teachers-image-1024x512.png\" alt=\"\" class=\"wp-image-6482 lazyload\" style=\"--smush-placeholder-width: 1024px; --smush-placeholder-aspect-ratio: 1024\/512;width:1075px;height:auto\" data-srcset=\"https:\/\/www.cdnsba.org\/wp-content\/uploads\/2025\/02\/intl-teachers-image-1024x512.png 1024w, https:\/\/www.cdnsba.org\/wp-content\/uploads\/2025\/02\/intl-teachers-image-300x150.png 300w, https:\/\/www.cdnsba.org\/wp-content\/uploads\/2025\/02\/intl-teachers-image-768x384.png 768w, https:\/\/www.cdnsba.org\/wp-content\/uploads\/2025\/02\/intl-teachers-image-18x9.png 18w, https:\/\/www.cdnsba.org\/wp-content\/uploads\/2025\/02\/intl-teachers-image.png 1200w\" data-sizes=\"(max-width: 1024px) 100vw, 1024px\" src=\"data:image\/svg+xml;base64,PHN2ZyB3aWR0aD0iMSIgaGVpZ2h0PSIxIiB4bWxucz0iaHR0cDovL3d3dy53My5vcmcvMjAwMC9zdmciPjwvc3ZnPg==\" \/><\/figure>\n<\/div><\/div>\n\n\n\n<p><\/p>\n\n\n\n<p>Les enseignants qui ont suivi une formation professionnelle \u00e0 l'ext\u00e9rieur du Canada peuvent \u00eatre admissibles \u00e0 une autorisation d'enseigner. Veuillez s\u00e9lectionner la province ou le territoire qui vous int\u00e9resse pour en savoir plus sur leurs programmes.<\/p>\n\n\n\n<p><strong>Alberta<\/strong><\/p>\n\n\n\n<p><a href=\"https:\/\/teachers.ab.ca\/sites\/default\/files\/2023-06\/COOR-105-IET%202019%2001.pdf\" target=\"_blank\" rel=\"noreferrer noopener\">Association des enseignants de l'Alberta<\/a><br><a href=\"https:\/\/www.ualberta.ca\/education\/programs\/teacher-certification-programming.html\" target=\"_blank\" rel=\"noreferrer noopener\">Programme de certification des enseignants de l'Universit\u00e9 de l'Alberta<\/a><\/p>\n\n\n\n<p><strong>Colombie-Britannique<\/strong><\/p>\n\n\n\n<p><a href=\"https:\/\/www2.gov.bc.ca\/gov\/content\/education-training\/k-12\/teach\/become-a-teacher\/applying-outside-bc\" target=\"_blank\" rel=\"noreferrer noopener\">Minist\u00e8re de l'\u00e9ducation et de l'enfance de la Colombie-Britannique<\/a><\/p>\n\n\n\n<p><strong>Manitoba<\/strong><\/p>\n\n\n\n<p><a href=\"https:\/\/www.edu.gov.mb.ca\/k12\/profcert\/cert-process\/iet.html\" target=\"_blank\" rel=\"noreferrer noopener\">Minist\u00e8re de l'\u00e9ducation et de l'apprentissage de la petite enfance du Manitoba<\/a><br><a href=\"https:\/\/www.edu.gov.mb.ca\/k12\/profcert\/pdf_docs\/teaching_mb.pdf\" target=\"_blank\" rel=\"noreferrer noopener\">Informations pour les enseignants form\u00e9s \u00e0 l'\u00e9tranger (PDF)<\/a><\/p>\n\n\n\n<p><strong>Nouveau-Brunswick<\/strong><\/p>\n\n\n\n<p><a href=\"https:\/\/www2.gnb.ca\/content\/gnb\/en\/corporate\/promo\/education-sector-jobs\/internationally-trained.html\" target=\"_blank\" rel=\"noreferrer noopener\">Minist\u00e8re de l'\u00e9ducation et du d\u00e9veloppement de la petite enfance du Nouveau-Brunswick<\/a><\/p>\n\n\n\n<p><strong>Terre-Neuve et Labrador<\/strong><\/p>\n\n\n\n<p><a href=\"https:\/\/www.gov.nl.ca\/education\/files\/NL-RESOURCE-GUIDE-FOR-IETS-2021-Office-of-Teacher-Certification-and-Records-English.pdf\" target=\"_blank\" rel=\"noreferrer noopener\">Newfoundland &amp; Labrador Department of Education and Early Childhood Development (Minist\u00e8re de l'\u00e9ducation et du d\u00e9veloppement de la petite enfance de Terre-Neuve-et-Labrador)<\/a><\/p>\n\n\n\n<p><strong>Territoires du Nord-Ouest<\/strong><\/p>\n\n\n\n<p><a href=\"https:\/\/www.ece.gov.nt.ca\/en\/services\/prospective-teacher-information\/teacher-qualification-and-certification\" target=\"_blank\" rel=\"noreferrer noopener\">Minist\u00e8re de l'\u00e9ducation, de la culture et de l'emploi des Territoires du Nord-Ouest<\/a><\/p>\n\n\n\n<p><strong>Nouvelle-\u00c9cosse<\/strong><\/p>\n\n\n\n<p><a href=\"https:\/\/certification.ednet.ns.ca\/internationally-educated-teachers\" target=\"_blank\" rel=\"noreferrer noopener\">Minist\u00e8re de l'\u00e9ducation et du d\u00e9veloppement de la petite enfance de la Nouvelle-\u00c9cosse<\/a><\/p>\n\n\n\n<p><strong>Ontario<\/strong><\/p>\n\n\n\n<p><a href=\"https:\/\/www.oct.ca\/becoming-a-teacher\/internationally-educated-teachers\" target=\"_blank\" rel=\"noreferrer noopener\">Ordre des enseignants de l'Ontario<\/a><\/p>\n\n\n\n<p><strong>\u00cele-du-Prince-\u00c9douard<\/strong><\/p>\n\n\n\n<p><a href=\"https:\/\/www.princeedwardisland.ca\/en\/information\/education-and-early-years\/information-for-internationally-educated-teachers\" target=\"_blank\" rel=\"noreferrer noopener\">Minist\u00e8re de l'\u00e9ducation et de la petite enfance de l'\u00cele-du-Prince-\u00c9douard<\/a><\/p>\n\n\n\n<p><strong>Qu\u00e9bec<\/strong><\/p>\n\n\n\n<p><a href=\"https:\/\/www.quebec.ca\/en\/government\/work-government\/jobs-education\/teaching-general-education-youth-sector-vocational-training-adult-education\/immigrating-quebec-teach\" target=\"_blank\" rel=\"noreferrer noopener\">Minist\u00e8re de l'\u00e9ducation et de l'enseignement sup\u00e9rieur du Qu\u00e9bec<\/a><\/p>\n\n\n\n<p><strong>Saskatchewan<\/strong><\/p>\n\n\n\n<p><a href=\"https:\/\/sptrb.ca\/SPTRB\/Certification\/International_Teacher_Education_Program.aspx\" target=\"_blank\" rel=\"noreferrer noopener\">Conseil de r\u00e9glementation des enseignants professionnels de la Saskatchewan<\/a><\/p>\n\n\n\n<h2 class=\"wp-block-heading\"><\/h2>\n\n\n<style>.kadence-column5957_f30f95-95 > .kt-inside-inner-col,.kadence-column5957_f30f95-95 > .kt-inside-inner-col:before{border-top-left-radius:0px;border-top-right-radius:0px;border-bottom-right-radius:0px;border-bottom-left-radius:0px;}.kadence-column5957_f30f95-95 > .kt-inside-inner-col{column-gap:var(--global-kb-gap-sm, 1rem);}.kadence-column5957_f30f95-95 > .kt-inside-inner-col{flex-direction:column;}.kadence-column5957_f30f95-95 > .kt-inside-inner-col > .aligncenter{width:100%;}.kadence-column5957_f30f95-95 > .kt-inside-inner-col:before{opacity:0.3;}.kadence-column5957_f30f95-95{position:relative;}@media all and (max-width: 1024px){.kadence-column5957_f30f95-95 > .kt-inside-inner-col{flex-direction:column;justify-content:center;}}@media all and (max-width: 767px){.kadence-column5957_f30f95-95 > .kt-inside-inner-col{flex-direction:column;justify-content:center;}}<\/style>\n<div class=\"wp-block-kadence-column kadence-column5957_f30f95-95\"><div class=\"kt-inside-inner-col\"><\/div><\/div>","protected":false},"excerpt":{"rendered":"<p>Enseignants form\u00e9s \u00e0 l'\u00e9tranger Les enseignants qui ont suivi une formation professionnelle \u00e0 l'ext\u00e9rieur du Canada peuvent \u00eatre admissibles \u00e0 une autorisation d'enseigner. Veuillez s\u00e9lectionner la province ou le territoire qui vous int\u00e9resse...<\/p>","protected":false},"author":7,"featured_media":0,"parent":0,"menu_order":0,"comment_status":"closed","ping_status":"closed","template":"","meta":{"_kad_blocks_custom_css":"","_kad_blocks_head_custom_js":"","_kad_blocks_body_custom_js":"","_kad_blocks_footer_custom_js":"","_EventAllDay":false,"_EventTimezone":"","_EventStartDate":"","_EventEndDate":"","_EventStartDateUTC":"","_EventEndDateUTC":"","_EventShowMap":false,"_EventShowMapLink":false,"_EventURL":"","_EventCost":"","_EventCostDescription":"","_EventCurrencySymbol":"","_EventCurrencyCode":"","_EventCurrencyPosition":"","_EventDateTimeSeparator":"","_EventTimeRangeSeparator":"","_EventOrganizerID":[],"_EventVenueID":[],"_OrganizerEmail":"","_OrganizerPhone":"","_OrganizerWebsite":"","_VenueAddress":"","_VenueCity":"","_VenueCountry":"","_VenueProvince":"","_VenueState":"","_VenueZip":"","_VenuePhone":"","_VenueURL":"","_VenueStateProvince":"","_VenueLat":"","_VenueLng":"","_VenueShowMap":false,"_VenueShowMapLink":false,"_kad_post_transparent":"","_kad_post_title":"","_kad_post_layout":"","_kad_post_sidebar_id":"","_kad_post_content_style":"","_kad_post_vertical_padding":"show","_kad_post_feature":"","_kad_post_feature_position":"","_kad_post_header":false,"_kad_post_footer":false,"_kad_post_classname":"","footnotes":""},"class_list":["post-5957","page","type-page","status-publish","hentry"],"taxonomy_info":[],"featured_image_src_large":false,"author_info":{"display_name":"trish","author_link":"https:\/\/www.cdnsba.org\/fr\/author\/trish\/"},"comment_info":0,"publishpress_future_action":{"enabled":false,"date":"2026-05-05 19:07:03","action":"change-status","newStatus":"draft","terms":[],"taxonomy":"","extraData":[]},"publishpress_future_workflow_manual_trigger":{"enabledWorkflows":[]},"_links":{"self":[{"href":"https:\/\/www.cdnsba.org\/fr\/wp-json\/wp\/v2\/pages\/5957","targetHints":{"allow":["GET"]}}],"collection":[{"href":"https:\/\/www.cdnsba.org\/fr\/wp-json\/wp\/v2\/pages"}],"about":[{"href":"https:\/\/www.cdnsba.org\/fr\/wp-json\/wp\/v2\/types\/page"}],"author":[{"embeddable":true,"href":"https:\/\/www.cdnsba.org\/fr\/wp-json\/wp\/v2\/users\/7"}],"replies":[{"embeddable":true,"href":"https:\/\/www.cdnsba.org\/fr\/wp-json\/wp\/v2\/comments?post=5957"}],"version-history":[{"count":5,"href":"https:\/\/www.cdnsba.org\/fr\/wp-json\/wp\/v2\/pages\/5957\/revisions"}],"predecessor-version":[{"id":6484,"href":"https:\/\/www.cdnsba.org\/fr\/wp-json\/wp\/v2\/pages\/5957\/revisions\/6484"}],"wp:attachment":[{"href":"https:\/\/www.cdnsba.org\/fr\/wp-json\/wp\/v2\/media?parent=5957"}],"curies":[{"name":"wp","href":"https:\/\/api.w.org\/{rel}","templated":true}]}}