{"id":3586,"date":"2022-05-30T16:26:41","date_gmt":"2022-05-30T16:26:41","guid":{"rendered":"https:\/\/dev.cdnsba.org\/?page_id=3586"},"modified":"2025-02-16T14:48:35","modified_gmt":"2025-02-16T14:48:35","slug":"public-education-in-canada","status":"publish","type":"page","link":"https:\/\/www.cdnsba.org\/fr\/public-education-in-canada\/","title":{"rendered":"L'enseignement public au Canada"},"content":{"rendered":"<style>.kb-row-layout-wrap.wp-block-kadence-rowlayout.kb-row-layout-id3586_16f575-c5{margin-bottom:10%;}.kb-row-layout-id3586_16f575-c5 > .kt-row-column-wrap{align-content:start;}:where(.kb-row-layout-id3586_16f575-c5 > .kt-row-column-wrap) > .wp-block-kadence-column{justify-content:start;}.kb-row-layout-id3586_16f575-c5 > .kt-row-column-wrap{column-gap:var(--global-kb-gap-md, 2rem);row-gap:var(--global-kb-gap-md, 2rem);max-width:80%;margin-left:auto;margin-right:auto;padding-top:0px;padding-bottom:25px;grid-template-columns:minmax(0, 1fr);}.kb-row-layout-id3586_16f575-c5 > .kt-row-layout-overlay{opacity:0.30;}@media all and (max-width: 1024px){.kb-row-layout-id3586_16f575-c5 > .kt-row-column-wrap{grid-template-columns:minmax(0, 1fr);}}@media all and (max-width: 767px){.kb-row-layout-id3586_16f575-c5 > .kt-row-column-wrap{max-width:90%;margin-left:auto;margin-right:auto;grid-template-columns:minmax(0, 1fr);}}<\/style><div class=\"kb-row-layout-wrap kb-row-layout-id3586_16f575-c5 alignnone wp-block-kadence-rowlayout\"><div class=\"kt-row-column-wrap kt-has-1-columns kt-row-layout-equal kt-tab-layout-inherit kt-mobile-layout-row kt-row-valign-top\">\n<style>.kadence-column3586_af559c-69 > .kt-inside-inner-col,.kadence-column3586_af559c-69 > .kt-inside-inner-col:before{border-top-left-radius:0px;border-top-right-radius:0px;border-bottom-right-radius:0px;border-bottom-left-radius:0px;}.kadence-column3586_af559c-69 > .kt-inside-inner-col{column-gap:var(--global-kb-gap-sm, 1rem);}.kadence-column3586_af559c-69 > .kt-inside-inner-col{flex-direction:column;}.kadence-column3586_af559c-69 > .kt-inside-inner-col > .aligncenter{width:100%;}.kadence-column3586_af559c-69 > .kt-inside-inner-col:before{opacity:0.3;}.kadence-column3586_af559c-69{position:relative;}@media all and (max-width: 1024px){.kadence-column3586_af559c-69 > .kt-inside-inner-col{flex-direction:column;justify-content:center;}}@media all and (max-width: 767px){.kadence-column3586_af559c-69 > .kt-inside-inner-col{flex-direction:column;justify-content:center;}}<\/style>\n<div class=\"wp-block-kadence-column kadence-column3586_af559c-69 inner-column-1\"><div class=\"kt-inside-inner-col\">\n<figure class=\"wp-block-image size-large\"><img decoding=\"async\" width=\"1024\" height=\"512\" data-src=\"https:\/\/www.cdnsba.org\/wp-content\/uploads\/2025\/02\/public-education-in-canada-graphic-1024x512.png\" alt=\"\" class=\"wp-image-6456 lazyload\" data-srcset=\"https:\/\/www.cdnsba.org\/wp-content\/uploads\/2025\/02\/public-education-in-canada-graphic-1024x512.png 1024w, https:\/\/www.cdnsba.org\/wp-content\/uploads\/2025\/02\/public-education-in-canada-graphic-300x150.png 300w, https:\/\/www.cdnsba.org\/wp-content\/uploads\/2025\/02\/public-education-in-canada-graphic-768x384.png 768w, https:\/\/www.cdnsba.org\/wp-content\/uploads\/2025\/02\/public-education-in-canada-graphic-18x9.png 18w, https:\/\/www.cdnsba.org\/wp-content\/uploads\/2025\/02\/public-education-in-canada-graphic.png 1200w\" data-sizes=\"(max-width: 1024px) 100vw, 1024px\" src=\"data:image\/svg+xml;base64,PHN2ZyB3aWR0aD0iMSIgaGVpZ2h0PSIxIiB4bWxucz0iaHR0cDovL3d3dy53My5vcmcvMjAwMC9zdmciPjwvc3ZnPg==\" style=\"--smush-placeholder-width: 1024px; --smush-placeholder-aspect-ratio: 1024\/512;\" \/><\/figure>\n\n\n\n<p>In Canada, public education is the responsibility of provincial governments, and in most cases, are governed by democratically elected governing school boards.&nbsp;School boards&nbsp;and elected trustees&nbsp;are an important part of Canada\u2019s political landscape. They have been partners with communities and provincial governments for as long as Canada has been a country. During this time, Canadian school boards have helped build a universally accessible, publicly funded education system that is among the best in the world.<\/p>\n\n\n\n<p>En vertu de la constitution canadienne, les gouvernements provinciaux d\u00e9cident des activit\u00e9s des conseils scolaires, de la mani\u00e8re dont ils re\u00e7oivent leurs fonds et du degr\u00e9 d'autonomie locale dont ils disposent. C'est pourquoi un conseiller scolaire au Manitoba, par exemple, a un r\u00f4le quelque peu diff\u00e9rent de celui d'un conseiller scolaire ou d'un commissaire \u00e0 Terre-Neuve ou au Qu\u00e9bec.<\/p>\n\n\n\n<p>But the differences are not great. In most provinces, locally elected school trustees\/board members\/commissioners set and administer an annual budget; hire and promote teachers and administrators; set local school policies; build schools; and purchase supplies.<\/p>\n\n\n\n<p>Some provinces grant governing school boards the power to levy and collect local property taxes, while others provide all school board revenue from the provincial department of education. Where they do have the right to tax, governing school boards have more to say about how education dollars are spent in their communities. While governing school boards have been a long-standing cornerstone in public education in Canada, they have evolved over the years to better accommodate the needs of students, schools and communities. This is reflected in the relationships with education partners and levels of government. At the end of the day the same desire to support students and achieve an excellent public education system drives school board members to dedicate their time to these very important roles.<\/p>\n<\/div><\/div>\n\n<\/div><\/div>","protected":false},"excerpt":{"rendered":"<p>In Canada, public education is the responsibility of provincial governments, and in most cases, are governed by democratically elected governing school boards.&nbsp;School boards&nbsp;and elected trustees&nbsp;are an important part of Canada\u2019s&#8230;<\/p>","protected":false},"author":1,"featured_media":0,"parent":0,"menu_order":0,"comment_status":"closed","ping_status":"closed","template":"","meta":{"_kad_blocks_custom_css":"","_kad_blocks_head_custom_js":"","_kad_blocks_body_custom_js":"","_kad_blocks_footer_custom_js":"","_EventAllDay":false,"_EventTimezone":"","_EventStartDate":"","_EventEndDate":"","_EventStartDateUTC":"","_EventEndDateUTC":"","_EventShowMap":false,"_EventShowMapLink":false,"_EventURL":"","_EventCost":"","_EventCostDescription":"","_EventCurrencySymbol":"","_EventCurrencyCode":"","_EventCurrencyPosition":"","_EventDateTimeSeparator":"","_EventTimeRangeSeparator":"","_EventOrganizerID":[],"_EventVenueID":[0],"_OrganizerEmail":"","_OrganizerPhone":"","_OrganizerWebsite":"","_VenueAddress":"","_VenueCity":"","_VenueCountry":"","_VenueProvince":"","_VenueState":"","_VenueZip":"","_VenuePhone":"","_VenueURL":"","_VenueStateProvince":"","_VenueLat":"","_VenueLng":"","_VenueShowMap":false,"_VenueShowMapLink":false,"_kad_post_transparent":"","_kad_post_title":"show","_kad_post_layout":"","_kad_post_sidebar_id":"","_kad_post_content_style":"","_kad_post_vertical_padding":"","_kad_post_feature":"","_kad_post_feature_position":"","_kad_post_header":false,"_kad_post_footer":false,"_kad_post_classname":"","footnotes":""},"class_list":["post-3586","page","type-page","status-publish","hentry"],"taxonomy_info":[],"featured_image_src_large":false,"author_info":{"display_name":"digitalfusion","author_link":"https:\/\/www.cdnsba.org\/fr\/author\/digitalfusion\/"},"comment_info":0,"publishpress_future_action":{"enabled":false,"date":"2026-05-06 15:34:01","action":"change-status","newStatus":"draft","terms":[],"taxonomy":"","extraData":[]},"publishpress_future_workflow_manual_trigger":{"enabledWorkflows":[]},"_links":{"self":[{"href":"https:\/\/www.cdnsba.org\/fr\/wp-json\/wp\/v2\/pages\/3586","targetHints":{"allow":["GET"]}}],"collection":[{"href":"https:\/\/www.cdnsba.org\/fr\/wp-json\/wp\/v2\/pages"}],"about":[{"href":"https:\/\/www.cdnsba.org\/fr\/wp-json\/wp\/v2\/types\/page"}],"author":[{"embeddable":true,"href":"https:\/\/www.cdnsba.org\/fr\/wp-json\/wp\/v2\/users\/1"}],"replies":[{"embeddable":true,"href":"https:\/\/www.cdnsba.org\/fr\/wp-json\/wp\/v2\/comments?post=3586"}],"version-history":[{"count":7,"href":"https:\/\/www.cdnsba.org\/fr\/wp-json\/wp\/v2\/pages\/3586\/revisions"}],"predecessor-version":[{"id":6458,"href":"https:\/\/www.cdnsba.org\/fr\/wp-json\/wp\/v2\/pages\/3586\/revisions\/6458"}],"wp:attachment":[{"href":"https:\/\/www.cdnsba.org\/fr\/wp-json\/wp\/v2\/media?parent=3586"}],"curies":[{"name":"wp","href":"https:\/\/api.w.org\/{rel}","templated":true}]}}