{"id":3566,"date":"2022-05-30T16:01:32","date_gmt":"2022-05-30T16:01:32","guid":{"rendered":"https:\/\/dev.cdnsba.org\/?page_id=3566"},"modified":"2024-10-13T15:15:53","modified_gmt":"2024-10-13T15:15:53","slug":"2022-2","status":"publish","type":"page","link":"https:\/\/www.cdnsba.org\/fr\/2022-2\/","title":{"rendered":"2024 - Toronto"},"content":{"rendered":"<style>.kb-row-layout-wrap.wp-block-kadence-rowlayout.kb-row-layout-id3566_4d4709-6f{margin-bottom:10%;}.kb-row-layout-id3566_4d4709-6f > .kt-row-column-wrap{align-content:start;}:where(.kb-row-layout-id3566_4d4709-6f > .kt-row-column-wrap) > .wp-block-kadence-column{justify-content:start;}.kb-row-layout-id3566_4d4709-6f > .kt-row-column-wrap{column-gap:var(--global-kb-gap-md, 2rem);row-gap:var(--global-kb-gap-md, 2rem);max-width:80%;margin-left:auto;margin-right:auto;padding-top:var(--global-kb-spacing-sm, 1.5rem);padding-bottom:var(--global-kb-spacing-sm, 1.5rem);grid-template-columns:minmax(0, 1fr);}.kb-row-layout-id3566_4d4709-6f > .kt-row-layout-overlay{opacity:0.30;}@media all and (max-width: 1024px){.kb-row-layout-id3566_4d4709-6f > .kt-row-column-wrap{grid-template-columns:minmax(0, 1fr);}}@media all and (max-width: 767px){.kb-row-layout-id3566_4d4709-6f > .kt-row-column-wrap{max-width:90%;margin-left:auto;margin-right:auto;grid-template-columns:minmax(0, 1fr);}}<\/style><div class=\"kb-row-layout-wrap kb-row-layout-id3566_4d4709-6f alignnone wp-block-kadence-rowlayout\"><div class=\"kt-row-column-wrap kt-has-1-columns kt-row-layout-equal kt-tab-layout-inherit kt-mobile-layout-row kt-row-valign-top\">\n<style>.kadence-column3566_44c965-a3 > .kt-inside-inner-col,.kadence-column3566_44c965-a3 > .kt-inside-inner-col:before{border-top-left-radius:0px;border-top-right-radius:0px;border-bottom-right-radius:0px;border-bottom-left-radius:0px;}.kadence-column3566_44c965-a3 > .kt-inside-inner-col{column-gap:var(--global-kb-gap-sm, 1rem);}.kadence-column3566_44c965-a3 > .kt-inside-inner-col{flex-direction:column;}.kadence-column3566_44c965-a3 > .kt-inside-inner-col > .aligncenter{width:100%;}.kadence-column3566_44c965-a3 > .kt-inside-inner-col:before{opacity:0.3;}.kadence-column3566_44c965-a3{position:relative;}@media all and (max-width: 1024px){.kadence-column3566_44c965-a3 > .kt-inside-inner-col{flex-direction:column;justify-content:center;}}@media all and (max-width: 767px){.kadence-column3566_44c965-a3 > .kt-inside-inner-col{flex-direction:column;justify-content:center;}}<\/style>\n<div class=\"wp-block-kadence-column kadence-column3566_44c965-a3 inner-column-1\"><div class=\"kt-inside-inner-col\">\n<h2 class=\"wp-block-heading has-text-align-center\">Rassemblement national des administrateurs sur l'\u00e9ducation indig\u00e8ne et congr\u00e8s du CSBA<\/h2>\n\n\n\n<p>La r\u00e9union nationale des conseillers scolaires sur l'\u00e9ducation autochtone et le congr\u00e8s de l'Association des conseils scolaires publics de l'Ontario ont \u00e9t\u00e9 organis\u00e9s \u00e0 Toronto du 3 au 5 juillet 2024. <em>Notre avenir commun<\/em> \/ <em>Notre demain commun<\/em> a examin\u00e9 notre monde en constante \u00e9volution, o\u00f9 la force \u00e9merge lorsque des voix diverses s'unissent. <strong><em>Ensemble, avec une gouvernance forte, nous fa\u00e7onnerons des avenirs incroyables pour les \u00e9tudiants canadiens.<\/em><\/strong><\/p>\n\n\n\n<p>L'OPSBA a \u00e9t\u00e9 un h\u00f4te fantastique, et Toronto a \u00e9t\u00e9 une toile de fond merveilleuse pour trois jours d'apprentissage et de contacts avec 275 participants. Pour en savoir plus sur les points forts, consultez le site web de l'OPSBA. <a href=\"https:\/\/www.canva.com\/design\/DAGKSSnP_PE\/cgTzN-cFZF42ks8av0iWew\/view?utm_content=DAGKSSnP_PE&amp;utm_campaign=designshare&amp;utm_medium=link&amp;utm_source=editor\">Album photo du Congr\u00e8s 2024 NTGIE &amp; CSBA<\/a>. <\/p>\n\n\n\n<p>Nous nous r\u00e9jouissons de vous retrouver tous \u00e0 Winnipeg en 2025 !<\/p>\n<\/div><\/div>\n\n<\/div><\/div>","protected":false},"excerpt":{"rendered":"<p>Rassemblement national des conseillers scolaires sur l'\u00e9ducation autochtone et Congr\u00e8s CSBA Le Rassemblement national des conseillers scolaires sur l'\u00e9ducation autochtone et le Congr\u00e8s CSBA 2024 ont \u00e9t\u00e9 accueillis par l'Association des conseils scolaires publics de l'Ontario \u00e0...<\/p>","protected":false},"author":1,"featured_media":0,"parent":0,"menu_order":0,"comment_status":"closed","ping_status":"closed","template":"","meta":{"_kad_blocks_custom_css":"","_kad_blocks_head_custom_js":"","_kad_blocks_body_custom_js":"","_kad_blocks_footer_custom_js":"","_EventAllDay":false,"_EventTimezone":"","_EventStartDate":"","_EventEndDate":"","_EventStartDateUTC":"","_EventEndDateUTC":"","_EventShowMap":false,"_EventShowMapLink":false,"_EventURL":"","_EventCost":"","_EventCostDescription":"","_EventCurrencySymbol":"","_EventCurrencyCode":"","_EventCurrencyPosition":"","_EventDateTimeSeparator":"","_EventTimeRangeSeparator":"","_EventOrganizerID":[],"_EventVenueID":[0],"_OrganizerEmail":"","_OrganizerPhone":"","_OrganizerWebsite":"","_VenueAddress":"","_VenueCity":"","_VenueCountry":"","_VenueProvince":"","_VenueState":"","_VenueZip":"","_VenuePhone":"","_VenueURL":"","_VenueStateProvince":"","_VenueLat":"","_VenueLng":"","_VenueShowMap":false,"_VenueShowMapLink":false,"_kad_post_transparent":"","_kad_post_title":"show","_kad_post_layout":"","_kad_post_sidebar_id":"","_kad_post_content_style":"","_kad_post_vertical_padding":"","_kad_post_feature":"","_kad_post_feature_position":"","_kad_post_header":false,"_kad_post_footer":false,"_kad_post_classname":"","footnotes":""},"class_list":["post-3566","page","type-page","status-publish","hentry"],"taxonomy_info":[],"featured_image_src_large":false,"author_info":{"display_name":"digitalfusion","author_link":"https:\/\/www.cdnsba.org\/fr\/author\/digitalfusion\/"},"comment_info":0,"publishpress_future_action":{"enabled":false,"date":"2026-04-25 14:09:57","action":"change-status","newStatus":"draft","terms":[],"taxonomy":"","extraData":[]},"publishpress_future_workflow_manual_trigger":{"enabledWorkflows":[]},"_links":{"self":[{"href":"https:\/\/www.cdnsba.org\/fr\/wp-json\/wp\/v2\/pages\/3566","targetHints":{"allow":["GET"]}}],"collection":[{"href":"https:\/\/www.cdnsba.org\/fr\/wp-json\/wp\/v2\/pages"}],"about":[{"href":"https:\/\/www.cdnsba.org\/fr\/wp-json\/wp\/v2\/types\/page"}],"author":[{"embeddable":true,"href":"https:\/\/www.cdnsba.org\/fr\/wp-json\/wp\/v2\/users\/1"}],"replies":[{"embeddable":true,"href":"https:\/\/www.cdnsba.org\/fr\/wp-json\/wp\/v2\/comments?post=3566"}],"version-history":[{"count":27,"href":"https:\/\/www.cdnsba.org\/fr\/wp-json\/wp\/v2\/pages\/3566\/revisions"}],"predecessor-version":[{"id":6349,"href":"https:\/\/www.cdnsba.org\/fr\/wp-json\/wp\/v2\/pages\/3566\/revisions\/6349"}],"wp:attachment":[{"href":"https:\/\/www.cdnsba.org\/fr\/wp-json\/wp\/v2\/media?parent=3566"}],"curies":[{"name":"wp","href":"https:\/\/api.w.org\/{rel}","templated":true}]}}