{"id":1316,"date":"2022-03-09T16:00:16","date_gmt":"2022-03-09T16:00:16","guid":{"rendered":"https:\/\/dev.cdnsba.org\/?page_id=1316"},"modified":"2025-02-16T17:05:23","modified_gmt":"2025-02-16T17:05:23","slug":"fsl-teacher-shortage","status":"publish","type":"page","link":"https:\/\/www.cdnsba.org\/fr\/fsl-teacher-shortage\/","title":{"rendered":"P\u00e9nurie de professeurs de fran\u00e7ais"},"content":{"rendered":"<div class=\"wp-block-image\">\n<figure class=\"aligncenter size-large\"><img decoding=\"async\" width=\"1024\" height=\"256\" data-src=\"https:\/\/www.cdnsba.org\/wp-content\/uploads\/2023\/07\/Putting-Data-to-Work-Banner-CSBA-Annual-Report-1024x256.png\" alt=\"\" class=\"wp-image-5856 lazyload\" data-srcset=\"https:\/\/www.cdnsba.org\/wp-content\/uploads\/2023\/07\/Putting-Data-to-Work-Banner-CSBA-Annual-Report-1024x256.png 1024w, https:\/\/www.cdnsba.org\/wp-content\/uploads\/2023\/07\/Putting-Data-to-Work-Banner-CSBA-Annual-Report-300x75.png 300w, https:\/\/www.cdnsba.org\/wp-content\/uploads\/2023\/07\/Putting-Data-to-Work-Banner-CSBA-Annual-Report-768x192.png 768w, https:\/\/www.cdnsba.org\/wp-content\/uploads\/2023\/07\/Putting-Data-to-Work-Banner-CSBA-Annual-Report-1536x384.png 1536w, https:\/\/www.cdnsba.org\/wp-content\/uploads\/2023\/07\/Putting-Data-to-Work-Banner-CSBA-Annual-Report.png 1584w\" data-sizes=\"(max-width: 1024px) 100vw, 1024px\" src=\"data:image\/svg+xml;base64,PHN2ZyB3aWR0aD0iMSIgaGVpZ2h0PSIxIiB4bWxucz0iaHR0cDovL3d3dy53My5vcmcvMjAwMC9zdmciPjwvc3ZnPg==\" style=\"--smush-placeholder-width: 1024px; --smush-placeholder-aspect-ratio: 1024\/256;\" \/><\/figure>\n<\/div>\n\n<style>.kb-row-layout-wrap.wp-block-kadence-rowlayout.kb-row-layout-id1316_8fecd1-58{margin-bottom:10%;}.kb-row-layout-id1316_8fecd1-58 > .kt-row-column-wrap{align-content:start;}:where(.kb-row-layout-id1316_8fecd1-58 > .kt-row-column-wrap) > .wp-block-kadence-column{justify-content:start;}.kb-row-layout-id1316_8fecd1-58 > .kt-row-column-wrap{column-gap:var(--global-kb-gap-md, 2rem);row-gap:var(--global-kb-gap-md, 2rem);max-width:80%;margin-left:auto;margin-right:auto;padding-top:0px;padding-bottom:25px;grid-template-columns:minmax(0, 1fr);}.kb-row-layout-id1316_8fecd1-58 > .kt-row-layout-overlay{opacity:0.30;}@media all and (max-width: 1024px){.kb-row-layout-id1316_8fecd1-58 > .kt-row-column-wrap{grid-template-columns:minmax(0, 1fr);}}@media all and (max-width: 767px){.kb-row-layout-id1316_8fecd1-58 > .kt-row-column-wrap{max-width:90%;margin-left:auto;margin-right:auto;grid-template-columns:minmax(0, 1fr);}}<\/style><div class=\"kb-row-layout-wrap kb-row-layout-id1316_8fecd1-58 alignnone wp-block-kadence-rowlayout\"><div class=\"kt-row-column-wrap kt-has-1-columns kt-row-layout-equal kt-tab-layout-inherit kt-mobile-layout-row kt-row-valign-top\">\n<style>.kadence-column1316_21d8dc-40 > .kt-inside-inner-col,.kadence-column1316_21d8dc-40 > .kt-inside-inner-col:before{border-top-left-radius:0px;border-top-right-radius:0px;border-bottom-right-radius:0px;border-bottom-left-radius:0px;}.kadence-column1316_21d8dc-40 > .kt-inside-inner-col{column-gap:var(--global-kb-gap-sm, 1rem);}.kadence-column1316_21d8dc-40 > .kt-inside-inner-col{flex-direction:column;}.kadence-column1316_21d8dc-40 > .kt-inside-inner-col > .aligncenter{width:100%;}.kadence-column1316_21d8dc-40 > .kt-inside-inner-col:before{opacity:0.3;}.kadence-column1316_21d8dc-40{position:relative;}@media all and (max-width: 1024px){.kadence-column1316_21d8dc-40 > .kt-inside-inner-col{flex-direction:column;justify-content:center;}}@media all and (max-width: 767px){.kadence-column1316_21d8dc-40 > .kt-inside-inner-col{flex-direction:column;justify-content:center;}}<\/style>\n<div class=\"wp-block-kadence-column kadence-column1316_21d8dc-40 inner-column-1\"><div class=\"kt-inside-inner-col\">\n<p class=\"has-text-align-left\">Les\u00a0<a href=\"https:\/\/www.cdnsba.org\/fr\/\" target=\"_blank\" rel=\"noreferrer noopener\"><strong>CSBA<\/strong><\/a>\u00a0et le\u00a0<a href=\"https:\/\/fncsf.ca\/\" target=\"_blank\" rel=\"noreferrer noopener\"><strong>FNCSF<\/strong><\/a>en collaboration avec le\u00a0<a href=\"https:\/\/www.cassa-acgcs.ca\/\" target=\"_blank\" rel=\"noreferrer noopener\"><strong>CASSA<\/strong><\/a>, le\u00a0<strong><a href=\"https:\/\/fncsf.ca\/a-propos-rndge\/\" target=\"_blank\" rel=\"noreferrer noopener\">RNDGE<\/a><\/strong>\u00a0et le\u00a0<a href=\"https:\/\/www.lecle.com\/\" target=\"_blank\" rel=\"noreferrer noopener\"><strong>CLE<\/strong><\/a>Les deux organismes se sont associ\u00e9s pour d\u00e9velopper un cadre technologique national bas\u00e9 sur l'informatique en nuage permettant un acc\u00e8s facile \u00e0 des donn\u00e9es normalis\u00e9es fiables provenant de l'ensemble du Canada. Ces donn\u00e9es permettront de mieux d\u00e9finir la p\u00e9nurie d'enseignants francophones et de fran\u00e7ais langue seconde et d'\u00e9clairer la prise de d\u00e9cision en mati\u00e8re de recrutement, de mobilit\u00e9 et de maintien en poste des enseignants de fran\u00e7ais.\u00a0<br><em><strong>Mettre les donn\u00e9es au travail<\/strong><\/em>\u00a0mobilise des partenaires cl\u00e9s dans le domaine de l'\u00e9ducation par le biais de la collaboration. Ce projet est financ\u00e9 par le minist\u00e8re du Patrimoine canadien pour les deux prochaines ann\u00e9es (2022-2024).<\/p>\n\n\n<div class=\"wp-block-image\">\n<figure class=\"aligncenter size-large is-resized\"><img decoding=\"async\" width=\"768\" height=\"1024\" data-src=\"https:\/\/www.cdnsba.org\/wp-content\/uploads\/2023\/07\/A-Call-to-Action-Launch-of-Pilot-Program-3-Final-June-5-2023_edited-768x1024.jpg\" alt=\"\" class=\"wp-image-5855 lazyload\" style=\"--smush-placeholder-width: 768px; --smush-placeholder-aspect-ratio: 768\/1024;width:647px\" data-srcset=\"https:\/\/www.cdnsba.org\/wp-content\/uploads\/2023\/07\/A-Call-to-Action-Launch-of-Pilot-Program-3-Final-June-5-2023_edited-768x1024.jpg 768w, https:\/\/www.cdnsba.org\/wp-content\/uploads\/2023\/07\/A-Call-to-Action-Launch-of-Pilot-Program-3-Final-June-5-2023_edited-225x300.jpg 225w, https:\/\/www.cdnsba.org\/wp-content\/uploads\/2023\/07\/A-Call-to-Action-Launch-of-Pilot-Program-3-Final-June-5-2023_edited.jpg 1025w\" data-sizes=\"(max-width: 768px) 100vw, 768px\" src=\"data:image\/svg+xml;base64,PHN2ZyB3aWR0aD0iMSIgaGVpZ2h0PSIxIiB4bWxucz0iaHR0cDovL3d3dy53My5vcmcvMjAwMC9zdmciPjwvc3ZnPg==\" \/><\/figure>\n<\/div>\n\n\n<div class=\"wp-block-group is-vertical is-layout-flex wp-container-core-group-is-layout-8cf370e7 wp-block-group-is-layout-flex\">\n<p><strong><a href=\"https:\/\/www.cdnsba.org\/wp-content\/uploads\/2022\/04\/Infographic_for_CSBA_March2022.pdf\" target=\"_blank\" rel=\"noreferrer noopener\">Pourquoi ce projet devrait-il int\u00e9resser les administrateurs scolaires ?<\/a><\/strong><\/p>\n\n\n\n<p><strong><a href=\"https:\/\/www.cdnsba.org\/wp-content\/uploads\/2022\/04\/Infographic_for_CASSA_System_Leaders_March2022.pdf\" target=\"_blank\" rel=\"noreferrer noopener\">Pourquoi ce projet devrait-il int\u00e9resser les responsables du syst\u00e8me ?<\/a><\/strong><\/p>\n\n\n\n<p><strong><a href=\"https:\/\/www.cdnsba.org\/wp-content\/uploads\/2023\/03\/FAQ_EN_Feb2023.pdf\" target=\"_blank\" rel=\"noreferrer noopener\">Foire aux questions (FAQ)<\/a><\/strong><\/p>\n<\/div>\n\n\n\n<div class=\"wp-block-group is-vertical is-layout-flex wp-container-core-group-is-layout-8cf370e7 wp-block-group-is-layout-flex\">\n<p>Pour acc\u00e9der \u00e0 la page web fran\u00e7aise de ce projet collaboratif :&nbsp;<a rel=\"noreferrer noopener\" href=\"https:\/\/fncsf.ca\/notre-reseau\/penurie-denseignants\/\" target=\"_blank\"><strong>P\u00e9nurie d'enseignants<\/strong><\/a><\/p>\n\n\n\n<p>Pour plus d'informations sur ce projet :&nbsp;<a href=\"mailto:mazauhar@gmail.com\" target=\"_blank\" rel=\"noreferrer noopener\"><strong>mazauhar@gmail.com<\/strong><\/a><\/p>\n\n\n\n<p>Hashtags dans les m\u00e9dias sociaux :<strong>&nbsp;#PuttingDataToWork (mettre les donn\u00e9es au travail)<\/strong>&nbsp;<strong>#FaisonsParlerLesDonn\u00e9es<\/strong><\/p>\n<\/div>\n\n\n\n<p><a href=\"https:\/\/experience.arcgis.com\/experience\/ede47be0589b4f678fecd11e2eff5852\">Tableau de bord des communaut\u00e9s de langue officielle en situation minoritaire<\/a><\/p>\n\n\n\n<figure class=\"wp-block-image size-large\"><img decoding=\"async\" width=\"1024\" height=\"215\" data-src=\"https:\/\/www.cdnsba.org\/wp-content\/uploads\/2023\/07\/New-Banner-August-2022-1024x215.png\" alt=\"\" class=\"wp-image-5854 lazyload\" data-srcset=\"https:\/\/www.cdnsba.org\/wp-content\/uploads\/2023\/07\/New-Banner-August-2022-1024x215.png 1024w, https:\/\/www.cdnsba.org\/wp-content\/uploads\/2023\/07\/New-Banner-August-2022-300x63.png 300w, https:\/\/www.cdnsba.org\/wp-content\/uploads\/2023\/07\/New-Banner-August-2022-768x161.png 768w, https:\/\/www.cdnsba.org\/wp-content\/uploads\/2023\/07\/New-Banner-August-2022-1536x322.png 1536w, https:\/\/www.cdnsba.org\/wp-content\/uploads\/2023\/07\/New-Banner-August-2022-2048x429.png 2048w\" data-sizes=\"(max-width: 1024px) 100vw, 1024px\" src=\"data:image\/svg+xml;base64,PHN2ZyB3aWR0aD0iMSIgaGVpZ2h0PSIxIiB4bWxucz0iaHR0cDovL3d3dy53My5vcmcvMjAwMC9zdmciPjwvc3ZnPg==\" style=\"--smush-placeholder-width: 1024px; --smush-placeholder-aspect-ratio: 1024\/215;\" \/><\/figure>\n<\/div><\/div>\n\n<\/div><\/div>","protected":false},"excerpt":{"rendered":"<p>Le CSBA et la FNCSF, en collaboration avec la CASSA, le RNDGE et le CLE, se sont associ\u00e9s pour d\u00e9velopper un cadre technologique national bas\u00e9 sur le cloud permettant un acc\u00e8s facile \u00e0 des donn\u00e9es fiables et standardis\u00e9es \u00e0 travers le Canada.....<\/p>","protected":false},"author":1,"featured_media":5854,"parent":0,"menu_order":0,"comment_status":"closed","ping_status":"closed","template":"","meta":{"_kad_blocks_custom_css":"","_kad_blocks_head_custom_js":"","_kad_blocks_body_custom_js":"","_kad_blocks_footer_custom_js":"","_EventAllDay":false,"_EventTimezone":"","_EventStartDate":"","_EventEndDate":"","_EventStartDateUTC":"","_EventEndDateUTC":"","_EventShowMap":false,"_EventShowMapLink":false,"_EventURL":"","_EventCost":"","_EventCostDescription":"","_EventCurrencySymbol":"","_EventCurrencyCode":"","_EventCurrencyPosition":"","_EventDateTimeSeparator":"","_EventTimeRangeSeparator":"","_EventOrganizerID":[],"_EventVenueID":[0],"_OrganizerEmail":"","_OrganizerPhone":"","_OrganizerWebsite":"","_VenueAddress":"","_VenueCity":"","_VenueCountry":"","_VenueProvince":"","_VenueState":"","_VenueZip":"","_VenuePhone":"","_VenueURL":"","_VenueStateProvince":"","_VenueLat":"","_VenueLng":"","_VenueShowMap":false,"_VenueShowMapLink":false,"_kad_post_transparent":"","_kad_post_title":"show","_kad_post_layout":"","_kad_post_sidebar_id":"","_kad_post_content_style":"","_kad_post_vertical_padding":"","_kad_post_feature":"","_kad_post_feature_position":"","_kad_post_header":false,"_kad_post_footer":false,"_kad_post_classname":"","footnotes":""},"class_list":["post-1316","page","type-page","status-publish","has-post-thumbnail","hentry"],"taxonomy_info":[],"featured_image_src_large":["https:\/\/www.cdnsba.org\/wp-content\/uploads\/2023\/07\/New-Banner-August-2022-1024x215.png",1024,215,true],"author_info":{"display_name":"digitalfusion","author_link":"https:\/\/www.cdnsba.org\/fr\/author\/digitalfusion\/"},"comment_info":0,"publishpress_future_action":{"enabled":false,"date":"2026-05-01 19:24:12","action":"change-status","newStatus":"draft","terms":[],"taxonomy":"","extraData":[]},"publishpress_future_workflow_manual_trigger":{"enabledWorkflows":[]},"_links":{"self":[{"href":"https:\/\/www.cdnsba.org\/fr\/wp-json\/wp\/v2\/pages\/1316","targetHints":{"allow":["GET"]}}],"collection":[{"href":"https:\/\/www.cdnsba.org\/fr\/wp-json\/wp\/v2\/pages"}],"about":[{"href":"https:\/\/www.cdnsba.org\/fr\/wp-json\/wp\/v2\/types\/page"}],"author":[{"embeddable":true,"href":"https:\/\/www.cdnsba.org\/fr\/wp-json\/wp\/v2\/users\/1"}],"replies":[{"embeddable":true,"href":"https:\/\/www.cdnsba.org\/fr\/wp-json\/wp\/v2\/comments?post=1316"}],"version-history":[{"count":18,"href":"https:\/\/www.cdnsba.org\/fr\/wp-json\/wp\/v2\/pages\/1316\/revisions"}],"predecessor-version":[{"id":6509,"href":"https:\/\/www.cdnsba.org\/fr\/wp-json\/wp\/v2\/pages\/1316\/revisions\/6509"}],"wp:featuredmedia":[{"embeddable":true,"href":"https:\/\/www.cdnsba.org\/fr\/wp-json\/wp\/v2\/media\/5854"}],"wp:attachment":[{"href":"https:\/\/www.cdnsba.org\/fr\/wp-json\/wp\/v2\/media?parent=1316"}],"curies":[{"name":"wp","href":"https:\/\/api.w.org\/{rel}","templated":true}]}}