{"id":1148,"date":"2022-03-08T20:07:46","date_gmt":"2022-03-08T20:07:46","guid":{"rendered":"https:\/\/dev.cdnsba.org\/?page_id=1148"},"modified":"2025-02-16T14:53:38","modified_gmt":"2025-02-16T14:53:38","slug":"why-do-school-boards-matter","status":"publish","type":"page","link":"https:\/\/www.cdnsba.org\/fr\/why-do-school-boards-matter\/","title":{"rendered":"Pourquoi les conseils d'\u00e9tablissement sont-ils importants ?"},"content":{"rendered":"<style>.kb-row-layout-wrap.wp-block-kadence-rowlayout.kb-row-layout-id1148_ac9c1e-1d{margin-bottom:9%;}.kb-row-layout-id1148_ac9c1e-1d > .kt-row-column-wrap{align-content:start;}:where(.kb-row-layout-id1148_ac9c1e-1d > .kt-row-column-wrap) > .wp-block-kadence-column{justify-content:start;}.kb-row-layout-id1148_ac9c1e-1d > .kt-row-column-wrap{column-gap:var(--global-kb-gap-md, 2rem);row-gap:var(--global-kb-gap-md, 2rem);max-width:80%;margin-left:auto;margin-right:auto;padding-top:0px;padding-bottom:25px;grid-template-columns:minmax(0, 1fr);}.kb-row-layout-id1148_ac9c1e-1d > .kt-row-layout-overlay{opacity:0.30;}@media all and (max-width: 1024px){.kb-row-layout-id1148_ac9c1e-1d > .kt-row-column-wrap{grid-template-columns:minmax(0, 1fr);}}@media all and (max-width: 767px){.kb-row-layout-id1148_ac9c1e-1d > .kt-row-column-wrap{max-width:90%;margin-left:auto;margin-right:auto;grid-template-columns:minmax(0, 1fr);}}<\/style><div class=\"kb-row-layout-wrap kb-row-layout-id1148_ac9c1e-1d alignnone wp-block-kadence-rowlayout\"><div class=\"kt-row-column-wrap kt-has-1-columns kt-row-layout-equal kt-tab-layout-inherit kt-mobile-layout-row kt-row-valign-top\">\n<style>.kadence-column1148_13378d-2f > .kt-inside-inner-col,.kadence-column1148_13378d-2f > .kt-inside-inner-col:before{border-top-left-radius:0px;border-top-right-radius:0px;border-bottom-right-radius:0px;border-bottom-left-radius:0px;}.kadence-column1148_13378d-2f > .kt-inside-inner-col{column-gap:var(--global-kb-gap-sm, 1rem);}.kadence-column1148_13378d-2f > .kt-inside-inner-col{flex-direction:column;}.kadence-column1148_13378d-2f > .kt-inside-inner-col > .aligncenter{width:100%;}.kadence-column1148_13378d-2f > .kt-inside-inner-col:before{opacity:0.3;}.kadence-column1148_13378d-2f{position:relative;}@media all and (max-width: 1024px){.kadence-column1148_13378d-2f > .kt-inside-inner-col{flex-direction:column;justify-content:center;}}@media all and (max-width: 767px){.kadence-column1148_13378d-2f > .kt-inside-inner-col{flex-direction:column;justify-content:center;}}<\/style>\n<div class=\"wp-block-kadence-column kadence-column1148_13378d-2f inner-column-1\"><div class=\"kt-inside-inner-col\">\n<figure class=\"wp-block-image size-large\"><img decoding=\"async\" width=\"1024\" height=\"512\" data-src=\"https:\/\/www.cdnsba.org\/wp-content\/uploads\/2025\/02\/why-school-boards-graphic-1024x512.png\" alt=\"\" class=\"wp-image-6460 lazyload\" data-srcset=\"https:\/\/www.cdnsba.org\/wp-content\/uploads\/2025\/02\/why-school-boards-graphic-1024x512.png 1024w, https:\/\/www.cdnsba.org\/wp-content\/uploads\/2025\/02\/why-school-boards-graphic-300x150.png 300w, https:\/\/www.cdnsba.org\/wp-content\/uploads\/2025\/02\/why-school-boards-graphic-768x384.png 768w, https:\/\/www.cdnsba.org\/wp-content\/uploads\/2025\/02\/why-school-boards-graphic-18x9.png 18w, https:\/\/www.cdnsba.org\/wp-content\/uploads\/2025\/02\/why-school-boards-graphic.png 1200w\" data-sizes=\"(max-width: 1024px) 100vw, 1024px\" src=\"data:image\/svg+xml;base64,PHN2ZyB3aWR0aD0iMSIgaGVpZ2h0PSIxIiB4bWxucz0iaHR0cDovL3d3dy53My5vcmcvMjAwMC9zdmciPjwvc3ZnPg==\" style=\"--smush-placeholder-width: 1024px; --smush-placeholder-aspect-ratio: 1024\/512;\" \/><\/figure>\n\n\n\n<p><em><strong>Pourquoi les conseils d'\u00e9tablissement sont-ils importants ? Pourquoi est-il important d'avoir des conseils d'administration d\u00e9mocratiquement \u00e9lus dans l'enseignement public ?&nbsp;<\/strong><\/em><\/p>\n\n\n\n<p>While provincial governments fund public education through taxes, and oversee the public school program, democratically elected governing school boards play a critical role in the delivery of public education.&nbsp;The Canadian School Boards Association (CSBA) is proud to support these dedicated individuals in their work to bring community voice to public education and oversee the needs of their individual schools and jurisdictions.<\/p>\n\n\n\n<p><strong><em>Governing school boards are an important part of Canada\u2019s political landscape and represent democratic participation in public education.<\/em><\/strong> They partner with communities and provincial governments, and have done so for decades, evolving over time. Canadian school boards have helped build an equitable, accessible, publicly funded education system.&nbsp;<\/p>\n\n\n\n<p>In addition to the value of democratic representation in public education<strong><em>, governing school boards are a link between the community and the provincial government.<\/em><\/strong> They act as navigators for families and the public when they have questions or concerns about their schools. They advocate for education funding and highlight the importance of equitable access to education regardless of where students live in their province. And above all, they care about students and the future of education.&nbsp;<\/p>\n\n\n\n<p><strong><em>Governing school boards enable local decision making in response to local needs<\/em><\/strong>. By having their finger on the pulse of their communities, elected school board members or trustees know what their students, schools, and communities need because they are members of the communities themselves. With regional representation, communities have better access to the resources required to meet the needs of their students.&nbsp;<\/p>\n\n\n\n<p>Pour une recherche acad\u00e9mique sur la gouvernance des conseils scolaires, lire la publication&nbsp;<a href=\"http:\/\/www.schoolboardsnl.ca\/pdf\/School-Boards-Matter-Report-Small.pdf\" target=\"_blank\" rel=\"noreferrer noopener\">\"Les conseils d'administration des \u00e9coles sont importants.<\/a><\/p>\n<\/div><\/div>\n\n<\/div><\/div>","protected":false},"excerpt":{"rendered":"<p>Pourquoi les conseils d'\u00e9tablissement sont-ils importants ? Pourquoi est-il important d'avoir des conseils d'administration d\u00e9mocratiquement \u00e9lus dans l'enseignement public ?  Alors que les gouvernements provinciaux financent l'\u00e9ducation publique par le biais des imp\u00f4ts et...<\/p>","protected":false},"author":1,"featured_media":0,"parent":0,"menu_order":0,"comment_status":"closed","ping_status":"closed","template":"","meta":{"_kad_blocks_custom_css":"","_kad_blocks_head_custom_js":"","_kad_blocks_body_custom_js":"","_kad_blocks_footer_custom_js":"","_EventAllDay":false,"_EventTimezone":"","_EventStartDate":"","_EventEndDate":"","_EventStartDateUTC":"","_EventEndDateUTC":"","_EventShowMap":false,"_EventShowMapLink":false,"_EventURL":"","_EventCost":"","_EventCostDescription":"","_EventCurrencySymbol":"","_EventCurrencyCode":"","_EventCurrencyPosition":"","_EventDateTimeSeparator":"","_EventTimeRangeSeparator":"","_EventOrganizerID":[],"_EventVenueID":[0],"_OrganizerEmail":"","_OrganizerPhone":"","_OrganizerWebsite":"","_VenueAddress":"","_VenueCity":"","_VenueCountry":"","_VenueProvince":"","_VenueState":"","_VenueZip":"","_VenuePhone":"","_VenueURL":"","_VenueStateProvince":"","_VenueLat":"","_VenueLng":"","_VenueShowMap":false,"_VenueShowMapLink":false,"_kad_post_transparent":"default","_kad_post_title":"show","_kad_post_layout":"","_kad_post_sidebar_id":"","_kad_post_content_style":"","_kad_post_vertical_padding":"","_kad_post_feature":"","_kad_post_feature_position":"","_kad_post_header":false,"_kad_post_footer":false,"_kad_post_classname":"","footnotes":""},"class_list":["post-1148","page","type-page","status-publish","hentry"],"taxonomy_info":[],"featured_image_src_large":false,"author_info":{"display_name":"digitalfusion","author_link":"https:\/\/www.cdnsba.org\/fr\/author\/digitalfusion\/"},"comment_info":0,"publishpress_future_action":{"enabled":false,"date":"2026-05-05 17:05:12","action":"change-status","newStatus":"draft","terms":[],"taxonomy":"","extraData":[]},"publishpress_future_workflow_manual_trigger":{"enabledWorkflows":[]},"_links":{"self":[{"href":"https:\/\/www.cdnsba.org\/fr\/wp-json\/wp\/v2\/pages\/1148","targetHints":{"allow":["GET"]}}],"collection":[{"href":"https:\/\/www.cdnsba.org\/fr\/wp-json\/wp\/v2\/pages"}],"about":[{"href":"https:\/\/www.cdnsba.org\/fr\/wp-json\/wp\/v2\/types\/page"}],"author":[{"embeddable":true,"href":"https:\/\/www.cdnsba.org\/fr\/wp-json\/wp\/v2\/users\/1"}],"replies":[{"embeddable":true,"href":"https:\/\/www.cdnsba.org\/fr\/wp-json\/wp\/v2\/comments?post=1148"}],"version-history":[{"count":8,"href":"https:\/\/www.cdnsba.org\/fr\/wp-json\/wp\/v2\/pages\/1148\/revisions"}],"predecessor-version":[{"id":6461,"href":"https:\/\/www.cdnsba.org\/fr\/wp-json\/wp\/v2\/pages\/1148\/revisions\/6461"}],"wp:attachment":[{"href":"https:\/\/www.cdnsba.org\/fr\/wp-json\/wp\/v2\/media?parent=1148"}],"curies":[{"name":"wp","href":"https:\/\/api.w.org\/{rel}","templated":true}]}}