{"id":1142,"date":"2022-03-08T20:02:27","date_gmt":"2022-03-08T20:02:27","guid":{"rendered":"https:\/\/dev.cdnsba.org\/?page_id=1142"},"modified":"2022-05-31T18:33:28","modified_gmt":"2022-05-31T18:33:28","slug":"canadian-geographic-education-resources","status":"publish","type":"page","link":"https:\/\/www.cdnsba.org\/fr\/canadian-geographic-education-resources\/","title":{"rendered":"Canadian Geographic - Ressources p\u00e9dagogiques"},"content":{"rendered":"<style>#kt-layout-id_b76782-57{margin-bottom:10%;}#kt-layout-id_b76782-57 > .kt-row-column-wrap{align-content:start;}:where(#kt-layout-id_b76782-57 > .kt-row-column-wrap) > .wp-block-kadence-column{justify-content:start;}#kt-layout-id_b76782-57 > .kt-row-column-wrap{column-gap:var(--global-kb-gap-md, 2rem);row-gap:var(--global-kb-gap-md, 2rem);max-width:80%;margin-left:auto;margin-right:auto;padding-top:var( --global-kb-row-default-top, 25px );padding-bottom:var( --global-kb-row-default-bottom, 25px );padding-top:0px;grid-template-columns:minmax(0, 1fr);}#kt-layout-id_b76782-57 > .kt-row-layout-overlay{opacity:0.30;}@media all and (max-width: 1024px){#kt-layout-id_b76782-57 > .kt-row-column-wrap{grid-template-columns:minmax(0, 1fr);}}@media all and (max-width: 767px){#kt-layout-id_b76782-57 > .kt-row-column-wrap{max-width:90%;margin-left:auto;margin-right:auto;grid-template-columns:minmax(0, 1fr);}}<\/style>\n<div class=\"wp-block-kadence-rowlayout alignnone\"><div id=\"kt-layout-id_b76782-57\" class=\"kt-row-layout-inner kt-layout-id_b76782-57\"><div class=\"kt-row-column-wrap kt-has-1-columns kt-gutter-default kt-v-gutter-default kt-row-valign-top kt-row-layout-equal kt-tab-layout-inherit kt-m-colapse-left-to-right kt-mobile-layout-row\"><style>.kadence-column_b27dc8-b4 > .kt-inside-inner-col{border-top-width:0px;border-right-width:0px;border-bottom-width:0px;border-left-width:0px;}.kadence-column_b27dc8-b4 > .kt-inside-inner-col,.kadence-column_b27dc8-b4 > .kt-inside-inner-col:before{border-top-left-radius:0px;border-top-right-radius:0px;border-bottom-right-radius:0px;border-bottom-left-radius:0px;}.kadence-column_b27dc8-b4 > .kt-inside-inner-col{column-gap:var(--global-kb-gap-sm, 1rem);}.kadence-column_b27dc8-b4 > .kt-inside-inner-col{flex-direction:column;}.kadence-column_b27dc8-b4 > .kt-inside-inner-col > .aligncenter{width:100%;}.kadence-column_b27dc8-b4 > .kt-inside-inner-col:before{opacity:0.3;}.kadence-column_b27dc8-b4{position:relative;}@media all and (max-width: 1024px){.kadence-column_b27dc8-b4 > .kt-inside-inner-col{flex-direction:column;justify-content:center;}}@media all and (max-width: 767px){.kadence-column_b27dc8-b4 > .kt-inside-inner-col{flex-direction:column;justify-content:center;}}<\/style>\n<div class=\"wp-block-kadence-column inner-column-1 kadence-column_b27dc8-b4\"><div class=\"kt-inside-inner-col\">\n<p><a href=\"http:\/\/cangeoeducation.ca\/\" target=\"_blank\" rel=\"noreferrer noopener\">CanGeo Education<\/a>\u00a0est une organisation \u00e9ducative nationale qui offre \u00e0 tous les \u00e9ducateurs :<\/p>\n\n\n\n<ul class=\"wp-block-list\"><li>Adh\u00e9sion gratuite<\/li><li>Ressources bilingues<\/li><li>Ateliers de d\u00e9veloppement professionnel<\/li><li>Bulletins d'information mensuels<\/li><li>Ressources pour tous les niveaux scolaires, telles que des cartes gratuites, des plans de cours, des concours et bien plus encore.&nbsp;<\/li><li>Prix et bourses<\/li><\/ul>\n\n\n\n<p>Nous organisons trois concours nationaux annuels :<\/p>\n\n\n\n<ol class=\"wp-block-list\"><li><a href=\"http:\/\/challenge.canadiangeographic.ca\/\" target=\"_blank\" rel=\"noreferrer noopener\">D\u00e9fi g\u00e9ographique canadien :<\/a>\u00a0Ce concours national permet aux \u00e9l\u00e8ves de tester leurs comp\u00e9tences en g\u00e9ographie.<\/li><li><a href=\"http:\/\/energydiet.ca\/\" target=\"_blank\" rel=\"noreferrer noopener\">D\u00e9fi de la di\u00e8te \u00e9nerg\u00e9tique en classe<\/a>: Ce concours prim\u00e9 encourage les classes de la maternelle \u00e0 la terminale \u00e0 am\u00e9liorer leurs connaissances en mati\u00e8re d'\u00e9nergie et \u00e0 prendre conscience de leurs habitudes \u00e9nerg\u00e9tiques quotidiennes.<\/li><li><a href=\"http:\/\/contest.myparkspass.ca\/\" target=\"_blank\" rel=\"noreferrer noopener\">Le voyage scolaire le plus cool du Canada<\/a>: Les \u00e9l\u00e8ves de la 7e \u00e0 la 9e ann\u00e9e ou du secondaire 1 \u00e0 3 ont la chance de gagner un voyage inoubliable en cr\u00e9ant des essais photographiques sur leur propre projet d'intendance li\u00e9 \u00e0 un lieu de Parcs Canada.<\/li><\/ol>\n\n\n\n<p>CanGeo Education est c\u00e9l\u00e8bre pour les cartes fournies aux enseignants, qui sont toutes gratuites. Voici un aper\u00e7u de quelques-unes des cartes propos\u00e9es :&nbsp;<\/p>\n\n\n\n<ul class=\"wp-block-list\"><li><a href=\"http:\/\/www.canadiangeographic.com\/educational_products\/giant_floor_maps.asp\" target=\"_blank\" rel=\"noreferrer noopener\">Cartes de sol g\u00e9antes<\/a>: Ces cartes au sol de 8 m\u00e8tres sur 11 m\u00e8tres sont disponibles gratuitement pour des p\u00e9riodes de trois semaines. Plus de 7 th\u00e8mes sont disponibles et chaque carte est accompagn\u00e9e d'un kit d'activit\u00e9s et de mat\u00e9riel pour donner vie \u00e0 la carte.<\/li><li><a href=\"http:\/\/www.canadiangeographic.com\/educational_products\/tiled_maps.asp\" target=\"_blank\" rel=\"noreferrer noopener\">Cartes en mosa\u00efque<\/a>: T\u00e9l\u00e9chargeable gratuitement, cette ressource permet \u00e0 vos \u00e9l\u00e8ves de construire une carte pi\u00e8ce par pi\u00e8ce.<\/li><li>Cartes interactives : Les \u00e9l\u00e8ves peuvent d\u00e9sormais explorer le monde en d\u00e9veloppement, les bassins versants et l'\u00e9nergie du Canada en ligne gr\u00e2ce \u00e0 nos cartes interactives !<\/li><li>Cartes-affiches : D\u00e9corez votre salle de classe avec une carte - de nombreux th\u00e8mes au choix !<\/li><\/ul>\n\n\n<div class=\"wp-block-image\">\n<figure class=\"aligncenter size-full\"><img decoding=\"async\" width=\"400\" height=\"350\" data-src=\"https:\/\/www.cdnsba.org\/wp-content\/uploads\/2022\/05\/cad-geo-logo-flip.jpg\" alt=\"Canadian Geographic Education Logo\" class=\"wp-image-1496 lazyload\" data-srcset=\"https:\/\/www.cdnsba.org\/wp-content\/uploads\/2022\/05\/cad-geo-logo-flip.jpg 400w, https:\/\/www.cdnsba.org\/wp-content\/uploads\/2022\/05\/cad-geo-logo-flip-300x263.jpg 300w\" data-sizes=\"(max-width: 400px) 100vw, 400px\" src=\"data:image\/svg+xml;base64,PHN2ZyB3aWR0aD0iMSIgaGVpZ2h0PSIxIiB4bWxucz0iaHR0cDovL3d3dy53My5vcmcvMjAwMC9zdmciPjwvc3ZnPg==\" style=\"--smush-placeholder-width: 400px; --smush-placeholder-aspect-ratio: 400\/350;\" \/><\/figure>\n<\/div><\/div><\/div>\n<\/div><\/div><\/div>","protected":false},"excerpt":{"rendered":"<p>CanGeo \u00c9ducation est une organisation \u00e9ducative nationale qui offre \u00e0 tous les \u00e9ducateurs : Une adh\u00e9sion gratuite Des ressources bilingues Des ateliers de d\u00e9veloppement professionnel Des bulletins d'information mensuels Des ressources pour tous les niveaux scolaires, telles que des cartes gratuites, des plans de cours,...<\/p>","protected":false},"author":1,"featured_media":0,"parent":0,"menu_order":0,"comment_status":"closed","ping_status":"closed","template":"","meta":{"_kad_blocks_custom_css":"","_kad_blocks_head_custom_js":"","_kad_blocks_body_custom_js":"","_kad_blocks_footer_custom_js":"","_EventAllDay":false,"_EventTimezone":"","_EventStartDate":"","_EventEndDate":"","_EventStartDateUTC":"","_EventEndDateUTC":"","_EventShowMap":false,"_EventShowMapLink":false,"_EventURL":"","_EventCost":"","_EventCostDescription":"","_EventCurrencySymbol":"","_EventCurrencyCode":"","_EventCurrencyPosition":"","_EventDateTimeSeparator":"","_EventTimeRangeSeparator":"","_EventOrganizerID":[],"_EventVenueID":[0],"_OrganizerEmail":"","_OrganizerPhone":"","_OrganizerWebsite":"","_VenueAddress":"","_VenueCity":"","_VenueCountry":"","_VenueProvince":"","_VenueState":"","_VenueZip":"","_VenuePhone":"","_VenueURL":"","_VenueStateProvince":"","_VenueLat":"","_VenueLng":"","_VenueShowMap":false,"_VenueShowMapLink":false,"_kad_post_transparent":"","_kad_post_title":"show","_kad_post_layout":"","_kad_post_sidebar_id":"","_kad_post_content_style":"","_kad_post_vertical_padding":"","_kad_post_feature":"","_kad_post_feature_position":"","_kad_post_header":false,"_kad_post_footer":false,"_kad_post_classname":"","footnotes":""},"class_list":["post-1142","page","type-page","status-publish","hentry"],"taxonomy_info":[],"featured_image_src_large":false,"author_info":{"display_name":"digitalfusion","author_link":"https:\/\/www.cdnsba.org\/fr\/author\/digitalfusion\/"},"comment_info":0,"publishpress_future_action":{"enabled":false,"date":"2026-05-23 12:02:42","action":"change-status","newStatus":"draft","terms":[],"taxonomy":"","extraData":[]},"publishpress_future_workflow_manual_trigger":{"enabledWorkflows":[]},"_links":{"self":[{"href":"https:\/\/www.cdnsba.org\/fr\/wp-json\/wp\/v2\/pages\/1142","targetHints":{"allow":["GET"]}}],"collection":[{"href":"https:\/\/www.cdnsba.org\/fr\/wp-json\/wp\/v2\/pages"}],"about":[{"href":"https:\/\/www.cdnsba.org\/fr\/wp-json\/wp\/v2\/types\/page"}],"author":[{"embeddable":true,"href":"https:\/\/www.cdnsba.org\/fr\/wp-json\/wp\/v2\/users\/1"}],"replies":[{"embeddable":true,"href":"https:\/\/www.cdnsba.org\/fr\/wp-json\/wp\/v2\/comments?post=1142"}],"version-history":[{"count":5,"href":"https:\/\/www.cdnsba.org\/fr\/wp-json\/wp\/v2\/pages\/1142\/revisions"}],"predecessor-version":[{"id":3663,"href":"https:\/\/www.cdnsba.org\/fr\/wp-json\/wp\/v2\/pages\/1142\/revisions\/3663"}],"wp:attachment":[{"href":"https:\/\/www.cdnsba.org\/fr\/wp-json\/wp\/v2\/media?parent=1142"}],"curies":[{"name":"wp","href":"https:\/\/api.w.org\/{rel}","templated":true}]}}