{"id":1131,"date":"2022-03-08T19:33:50","date_gmt":"2022-03-08T19:33:50","guid":{"rendered":"https:\/\/dev.cdnsba.org\/?page_id=1131"},"modified":"2024-05-02T23:22:43","modified_gmt":"2024-05-02T23:22:43","slug":"audio-video","status":"publish","type":"page","link":"https:\/\/www.cdnsba.org\/fr\/audio-video\/","title":{"rendered":"Audio \/ Vid\u00e9o"},"content":{"rendered":"<style>.kb-row-layout-wrap.wp-block-kadence-rowlayout.kb-row-layout-id1131_3d1dcb-ed{margin-bottom:10%;}.kb-row-layout-id1131_3d1dcb-ed > .kt-row-column-wrap{align-content:start;}:where(.kb-row-layout-id1131_3d1dcb-ed > .kt-row-column-wrap) > .wp-block-kadence-column{justify-content:start;}.kb-row-layout-id1131_3d1dcb-ed > .kt-row-column-wrap{column-gap:var(--global-kb-gap-md, 2rem);row-gap:var(--global-kb-gap-md, 2rem);max-width:80%;margin-left:auto;margin-right:auto;padding-top:0px;padding-bottom:25px;grid-template-columns:minmax(0, 1fr);}.kb-row-layout-id1131_3d1dcb-ed > .kt-row-layout-overlay{opacity:0.30;}@media all and (max-width: 1024px){.kb-row-layout-id1131_3d1dcb-ed > .kt-row-column-wrap{grid-template-columns:minmax(0, 1fr);}}@media all and (max-width: 767px){.kb-row-layout-id1131_3d1dcb-ed > .kt-row-column-wrap{max-width:90%;margin-left:auto;margin-right:auto;grid-template-columns:minmax(0, 1fr);}}<\/style><div class=\"kb-row-layout-wrap kb-row-layout-id1131_3d1dcb-ed alignnone wp-block-kadence-rowlayout\"><div class=\"kt-row-column-wrap kt-has-1-columns kt-row-layout-equal kt-tab-layout-inherit kt-mobile-layout-row kt-row-valign-top\">\n<style>.kadence-column1131_ab9685-71 > .kt-inside-inner-col,.kadence-column1131_ab9685-71 > .kt-inside-inner-col:before{border-top-left-radius:0px;border-top-right-radius:0px;border-bottom-right-radius:0px;border-bottom-left-radius:0px;}.kadence-column1131_ab9685-71 > .kt-inside-inner-col{column-gap:var(--global-kb-gap-sm, 1rem);}.kadence-column1131_ab9685-71 > .kt-inside-inner-col{flex-direction:column;}.kadence-column1131_ab9685-71 > .kt-inside-inner-col > .aligncenter{width:100%;}.kadence-column1131_ab9685-71 > .kt-inside-inner-col:before{opacity:0.3;}.kadence-column1131_ab9685-71{position:relative;}@media all and (max-width: 1024px){.kadence-column1131_ab9685-71 > .kt-inside-inner-col{flex-direction:column;justify-content:center;}}@media all and (max-width: 767px){.kadence-column1131_ab9685-71 > .kt-inside-inner-col{flex-direction:column;justify-content:center;}}<\/style>\n<div class=\"wp-block-kadence-column kadence-column1131_ab9685-71 inner-column-1\"><div class=\"kt-inside-inner-col\">\n<p>Les liens figurant sur cette page ouvrent des interviews et des clips audio ou vid\u00e9o avec les membres ex\u00e9cutifs du conseil d'administration du CSBA.<\/p>\n\n\n\n<h2 class=\"wp-block-heading\">Vid\u00e9os<\/h2>\n\n\n\n<p>La cha\u00eene YouTube de l'ACCCS est accessible en effectuant une recherche sur \" Association canadienne des commissions scolaires \" ou en cliquant sur le lien suivant :&nbsp;<a href=\"https:\/\/www.youtube.com\/channel\/UCMiLkAwn-VFdOXl1cRK-KeA?view_as=subscriber\" target=\"_blank\" rel=\"noreferrer noopener\">https:\/\/www.youtube.com\/channel\/UCMiLkAwn-VFdOXl1cRK-KeA?view_as=subscriber<\/a><\/p>\n\n\n\n<p>Des vid\u00e9os d'\u00e9v\u00e9nements et d'interviews sont publi\u00e9es sur la cha\u00eene, alors n'h\u00e9sitez pas \u00e0 la consulter r\u00e9guli\u00e8rement !<\/p>\n\n\n\n<p><strong>S\u00e9rie d'entretiens avec Irvine Carvery, championne de la justice sociale, sur le racisme syst\u00e9mique dans l'\u00e9ducation<\/strong><\/p>\n\n\n\n<ul class=\"wp-block-list\">\n<li>Premi\u00e8re partie - le racisme syst\u00e9mique :&nbsp;<a href=\"https:\/\/youtu.be\/-_Ncbwcr4UU\" target=\"_blank\" rel=\"noreferrer noopener\">https:\/\/youtu.be\/-_Ncbwcr4UU<\/a><\/li>\n\n\n\n<li>Deuxi\u00e8me partie - les politiques en mati\u00e8re d'\u00e9ducation :&nbsp;<a href=\"https:\/\/youtu.be\/zFiO_F8m4c8\" target=\"_blank\" rel=\"noreferrer noopener\">https:\/\/youtu.be\/zFiO_F8m4c8<\/a><\/li>\n\n\n\n<li>Troisi\u00e8me partie - responsabiliser le syst\u00e8me :&nbsp;<a href=\"https:\/\/youtu.be\/dQJwxD7CBuU\" target=\"_blank\" rel=\"noreferrer noopener\">https:\/\/youtu.be\/dQJwxD7CBuU<\/a><\/li>\n\n\n\n<li>Quatri\u00e8me partie - s'engager avec les familles dans la lutte contre le racisme :&nbsp;<a href=\"https:\/\/youtu.be\/cVzDfrtu4Jc\" target=\"_blank\" rel=\"noreferrer noopener\">https:\/\/youtu.be\/cVzDfrtu4Jc<\/a><\/li>\n\n\n\n<li>Cinqui\u00e8me partie - messages cl\u00e9s pour les administrateurs :&nbsp;<a href=\"https:\/\/youtu.be\/ZyMzEPMcctY\" target=\"_blank\" rel=\"noreferrer noopener\">https:\/\/youtu.be\/ZyMzEPMcctY&nbsp;<\/a><\/li>\n<\/ul>\n\n\n\n<p><strong>Entretiens avec la F\u00e9d\u00e9ration canadienne des enseignants<\/strong><\/p>\n\n\n\n<ul class=\"wp-block-list\">\n<li>Travaux r\u00e9alis\u00e9s par les \u00e9coles et les communaut\u00e9s scolaires dans le cadre du programme COVID&nbsp;<a href=\"https:\/\/youtu.be\/CycddDexKWQ\" target=\"_blank\" rel=\"noreferrer noopener\">https:\/\/youtu.be\/CycddDexKWQ<\/a><\/li>\n\n\n\n<li>Acc\u00e8s \u00e9quitable \u00e0 l'\u00e9ducation pendant la p\u00e9riode du COVID&nbsp;<a href=\"https:\/\/youtu.be\/1i_C6aTEZec\" target=\"_blank\" rel=\"noreferrer noopener\">https:\/\/youtu.be\/1i_C6aTEZec<\/a><\/li>\n\n\n\n<li>Retour \u00e0 l'\u00e9cole pendant COVID -&nbsp;<a href=\"https:\/\/youtu.be\/6n43LkT7TVY\" target=\"_blank\" rel=\"noreferrer noopener\">https:\/\/youtu.be\/6n43LkT7TVY<\/a><\/li>\n<\/ul>\n\n\n\n<p><strong>S\u00e9nateur Dr. Stan Kutcher<\/strong><\/p>\n\n\n\n<ul class=\"wp-block-list\">\n<li>Bien-\u00eatre mental des administrateurs, des enseignants et des \u00e9tudiants pendant le COVID -&nbsp;<a href=\"https:\/\/youtu.be\/07_VKAti5Xw\" target=\"_blank\" rel=\"noreferrer noopener\">https:\/\/youtu.be\/07_VKAti5Xw<\/a><\/li>\n<\/ul>\n<\/div><\/div>\n\n<\/div><\/div>","protected":false},"excerpt":{"rendered":"<p>Les liens trouv\u00e9s sur cette page ouvriront des interviews et des clips audio ou vid\u00e9o avec les membres ex\u00e9cutifs du Conseil d'Administration du CSBA. Vid\u00e9os La cha\u00eene YouTube du CSBA peut \u00eatre...<\/p>","protected":false},"author":1,"featured_media":0,"parent":0,"menu_order":0,"comment_status":"closed","ping_status":"closed","template":"","meta":{"_kad_blocks_custom_css":"","_kad_blocks_head_custom_js":"","_kad_blocks_body_custom_js":"","_kad_blocks_footer_custom_js":"","_EventAllDay":false,"_EventTimezone":"","_EventStartDate":"","_EventEndDate":"","_EventStartDateUTC":"","_EventEndDateUTC":"","_EventShowMap":false,"_EventShowMapLink":false,"_EventURL":"","_EventCost":"","_EventCostDescription":"","_EventCurrencySymbol":"","_EventCurrencyCode":"","_EventCurrencyPosition":"","_EventDateTimeSeparator":"","_EventTimeRangeSeparator":"","_EventOrganizerID":[],"_EventVenueID":[0],"_OrganizerEmail":"","_OrganizerPhone":"","_OrganizerWebsite":"","_VenueAddress":"","_VenueCity":"","_VenueCountry":"","_VenueProvince":"","_VenueState":"","_VenueZip":"","_VenuePhone":"","_VenueURL":"","_VenueStateProvince":"","_VenueLat":"","_VenueLng":"","_VenueShowMap":false,"_VenueShowMapLink":false,"_kad_post_transparent":"","_kad_post_title":"show","_kad_post_layout":"","_kad_post_sidebar_id":"","_kad_post_content_style":"","_kad_post_vertical_padding":"","_kad_post_feature":"","_kad_post_feature_position":"","_kad_post_header":false,"_kad_post_footer":false,"_kad_post_classname":"","footnotes":""},"class_list":["post-1131","page","type-page","status-publish","hentry"],"taxonomy_info":[],"featured_image_src_large":false,"author_info":{"display_name":"digitalfusion","author_link":"https:\/\/www.cdnsba.org\/fr\/author\/digitalfusion\/"},"comment_info":0,"publishpress_future_action":{"enabled":false,"date":"2026-05-05 16:24:53","action":"change-status","newStatus":"draft","terms":[],"taxonomy":"","extraData":[]},"publishpress_future_workflow_manual_trigger":{"enabledWorkflows":[]},"_links":{"self":[{"href":"https:\/\/www.cdnsba.org\/fr\/wp-json\/wp\/v2\/pages\/1131","targetHints":{"allow":["GET"]}}],"collection":[{"href":"https:\/\/www.cdnsba.org\/fr\/wp-json\/wp\/v2\/pages"}],"about":[{"href":"https:\/\/www.cdnsba.org\/fr\/wp-json\/wp\/v2\/types\/page"}],"author":[{"embeddable":true,"href":"https:\/\/www.cdnsba.org\/fr\/wp-json\/wp\/v2\/users\/1"}],"replies":[{"embeddable":true,"href":"https:\/\/www.cdnsba.org\/fr\/wp-json\/wp\/v2\/comments?post=1131"}],"version-history":[{"count":6,"href":"https:\/\/www.cdnsba.org\/fr\/wp-json\/wp\/v2\/pages\/1131\/revisions"}],"predecessor-version":[{"id":6141,"href":"https:\/\/www.cdnsba.org\/fr\/wp-json\/wp\/v2\/pages\/1131\/revisions\/6141"}],"wp:attachment":[{"href":"https:\/\/www.cdnsba.org\/fr\/wp-json\/wp\/v2\/media?parent=1131"}],"curies":[{"name":"wp","href":"https:\/\/api.w.org\/{rel}","templated":true}]}}