{"id":1117,"date":"2022-03-08T19:32:01","date_gmt":"2022-03-08T19:32:01","guid":{"rendered":"https:\/\/dev.cdnsba.org\/?page_id=1117"},"modified":"2025-12-19T02:05:35","modified_gmt":"2025-12-19T02:05:35","slug":"presidents-bulletin","status":"publish","type":"page","link":"https:\/\/www.cdnsba.org\/fr\/presidents-bulletin\/","title":{"rendered":"Bulletin du Pr\u00e9sident"},"content":{"rendered":"<style>.kb-row-layout-wrap.wp-block-kadence-rowlayout.kb-row-layout-id1117_6f287b-d8{margin-bottom:10%;}.kb-row-layout-id1117_6f287b-d8 > .kt-row-column-wrap{align-content:start;}:where(.kb-row-layout-id1117_6f287b-d8 > .kt-row-column-wrap) > .wp-block-kadence-column{justify-content:start;}.kb-row-layout-id1117_6f287b-d8 > .kt-row-column-wrap{column-gap:var(--global-kb-gap-md, 2rem);row-gap:var(--global-kb-gap-md, 2rem);max-width:80%;margin-left:auto;margin-right:auto;padding-top:var(--global-kb-spacing-sm, 1.5rem);padding-bottom:var(--global-kb-spacing-sm, 1.5rem);grid-template-columns:minmax(0, 1fr);}.kb-row-layout-id1117_6f287b-d8 > .kt-row-layout-overlay{opacity:0.30;}@media all and (max-width: 1024px){.kb-row-layout-id1117_6f287b-d8 > .kt-row-column-wrap{grid-template-columns:minmax(0, 1fr);}}@media all and (max-width: 767px){.kb-row-layout-id1117_6f287b-d8 > .kt-row-column-wrap{max-width:90%;margin-left:auto;margin-right:auto;grid-template-columns:minmax(0, 1fr);}}<\/style><div class=\"kb-row-layout-wrap kb-row-layout-id1117_6f287b-d8 alignnone wp-block-kadence-rowlayout\"><div class=\"kt-row-column-wrap kt-has-1-columns kt-row-layout-equal kt-tab-layout-inherit kt-mobile-layout-row kt-row-valign-top\">\n<style>.kadence-column1117_8ef361-06 > .kt-inside-inner-col{padding-top:0px;}.kadence-column1117_8ef361-06 > .kt-inside-inner-col,.kadence-column1117_8ef361-06 > .kt-inside-inner-col:before{border-top-left-radius:0px;border-top-right-radius:0px;border-bottom-right-radius:0px;border-bottom-left-radius:0px;}.kadence-column1117_8ef361-06 > .kt-inside-inner-col{column-gap:var(--global-kb-gap-sm, 1rem);}.kadence-column1117_8ef361-06 > .kt-inside-inner-col{flex-direction:column;}.kadence-column1117_8ef361-06 > .kt-inside-inner-col > .aligncenter{width:100%;}.kadence-column1117_8ef361-06 > .kt-inside-inner-col:before{opacity:0.3;}.kadence-column1117_8ef361-06{position:relative;}@media all and (max-width: 1024px){.kadence-column1117_8ef361-06 > .kt-inside-inner-col{flex-direction:column;justify-content:center;}}@media all and (max-width: 767px){.kadence-column1117_8ef361-06 > .kt-inside-inner-col{flex-direction:column;justify-content:center;}}<\/style>\n<div class=\"wp-block-kadence-column kadence-column1117_8ef361-06 inner-column-1\"><div class=\"kt-inside-inner-col\">\n<p><\/p>\n\n\n\n<p>Le conseil d'administration de l'Association canadienne des commissions\/conseils scolaires se r\u00e9unit quatre fois par an pour discuter de sujets tels que les initiatives dans des juridictions sp\u00e9cifiques, les efforts de d\u00e9fense des int\u00e9r\u00eats sur des questions nationales communes, ainsi que d'autres m\u00e9thodes de collaboration potentielle entre les associations provinciales. La plupart des sujets abord\u00e9s se trouvent dans notre \"Bulletin du pr\u00e9sident\" publi\u00e9 ci-dessous. Jetez-y un coup d'\u0153il !<\/p>\n\n\n\n<p><a href=\"https:\/\/www.cdnsba.org\/wp-content\/uploads\/2025\/12\/Presidents-Bulletin-December-25-EN.pdf\">President&#8217;s Bulletin &#8211; December 2025<\/a><\/p>\n\n\n\n<p><a href=\"https:\/\/www.cdnsba.org\/wp-content\/uploads\/2025\/12\/FR-Presidents-Bulletin-December-25-FRE.pdf\">Bulletin du pr\u00e9sident &#8211; d\u00e9cembre 2025<\/a><\/p>\n\n\n\n<p><a href=\"https:\/\/www.cdnsba.org\/wp-content\/uploads\/2025\/06\/Presidents-Bulletin-Spring-25.pdf\">President&#8217;s Bulletin &#8211; Spring 2025<\/a><\/p>\n\n\n\n<p><a href=\"https:\/\/www.cdnsba.org\/wp-content\/uploads\/2025\/06\/FRE-Presidents-Bulletin-Spring-25.pdf\">Bulletin du pr\u00e9sident &#8211; printemps 2025<\/a><\/p>\n\n\n\n<p><a href=\"https:\/\/www.cdnsba.org\/wp-content\/uploads\/2025\/03\/Bulletin-Winter-25.pdf\">President&#8217;s Bulletin &#8211; Winter 2025<\/a><\/p>\n\n\n\n<p><a href=\"https:\/\/www.cdnsba.org\/wp-content\/uploads\/2025\/03\/FR-Bulletin-Winter-25.pdf\">Bulletin du pr\u00e9sident &#8211; hiver 2025<\/a><\/p>\n\n\n\n<p><a href=\"https:\/\/www.cdnsba.org\/wp-content\/uploads\/2024\/10\/Presidents-Bulletin-10.27.24.pdf\">President&#8217;s Bulletin &#8211; Fall 2024<\/a><\/p>\n\n\n\n<p><a href=\"https:\/\/www.cdnsba.org\/wp-content\/uploads\/2024\/10\/Bulletin-du-president-10.27.24.pdf\">Bulletin du pr\u00e9sident &#8211; automne 2024<\/a><\/p>\n\n\n\n<p><a href=\"https:\/\/www.cdnsba.org\/wp-content\/uploads\/2024\/05\/MAY-2024_Bulletin.pdf\">Bulletin du Pr\u00e9sident - Mai 2024<\/a><\/p>\n\n\n\n<p><a href=\"https:\/\/www.cdnsba.org\/wp-content\/uploads\/2024\/05\/MAI-2024_bulletin_FR.pdf\">Bulletin du pr\u00e9sident - mai 2024<\/a><\/p>\n\n\n\n<p><a href=\"https:\/\/www.cdnsba.org\/wp-content\/uploads\/2024\/04\/Bulletin_Spring-2024.pdf\">Bulletin du Pr\u00e9sident - Printemps 2024<\/a><\/p>\n\n\n\n<p><a href=\"https:\/\/www.cdnsba.org\/wp-content\/uploads\/2024\/04\/Bulletin_Spring-2024_FR.pdf\">Bulletin du pr\u00e9sident - printemps 2024<\/a><\/p>\n\n\n\n<p><a href=\"https:\/\/www.cdnsba.org\/wp-content\/uploads\/2023\/11\/CSBA-PresidentsBulletin_Fall_2023.pdf\">Bulletin du Pr\u00e9sident - Automne 2023<\/a><\/p>\n\n\n\n<p><a href=\"https:\/\/www.cdnsba.org\/wp-content\/uploads\/2023\/11\/CSBA-PresidentsBulletin_Fall_2023FR.pdf\">Bulletin du pr\u00e9sident - automne 2023<\/a><\/p>\n\n\n\n<p><a href=\"https:\/\/www.cdnsba.org\/wp-content\/uploads\/2023\/08\/Summer-2023.pdf\">Bulletin du Pr\u00e9sident - \u00c9dition d'\u00e9t\u00e9 !<\/a><\/p>\n\n\n\n<p><a href=\"https:\/\/www.cdnsba.org\/wp-content\/uploads\/2023\/03\/Presidents-Bulletin_Spring-2023_English.pdf\">Bulletin du Pr\u00e9sident - Printemps 2023<\/a><\/p>\n\n\n\n<p><a href=\"https:\/\/www.cdnsba.org\/wp-content\/uploads\/2023\/03\/Presidents-Bulletin_Spring-2023_French.pdf\">Bulletin du pr\u00e9sident - le printemps 2023<\/a><\/p>\n\n\n\n<p><a href=\"https:\/\/www.cdnsba.org\/wp-content\/uploads\/2022\/12\/Presidents-Bulletin_Fall-2022_English.pdf\">Bulletin du Pr\u00e9sident - Automne 2022<\/a><\/p>\n\n\n\n<p><a href=\"https:\/\/www.cdnsba.org\/wp-content\/uploads\/2022\/12\/Presidents-Bulletin_Fall-2022_French.pdf\">Bulletin du pr\u00e9sident - automne 2022<\/a><\/p>\n\n\n\n<p><a href=\"https:\/\/www.cdnsba.org\/wp-content\/uploads\/2022\/06\/Presidents-Bulletin-Spring-2022-English.pdf\">Bulletin du Pr\u00e9sident - Printemps\/\u00c9t\u00e9 2022<\/a><\/p>\n\n\n\n<p><a href=\"https:\/\/www.cdnsba.org\/wp-content\/uploads\/2022\/06\/Presidents-Bulletin-Spring-2022-French-.pdf\">Mot de la pr\u00e9sidente - le printemps\/l' \u00e9t\u00e9 2022<\/a><\/p>\n\n\n\n<p><a rel=\"noreferrer noopener\" href=\"https:\/\/www.cdnsba.org\/wp-content\/uploads\/2022\/02\/Presidents-Bulletin-Winter-2022-English.pdf\" target=\"_blank\">Bulletin du Pr\u00e9sident - Hiver 2022<\/a><\/p>\n\n\n\n<p><a href=\"https:\/\/www.cdnsba.org\/wp-content\/uploads\/2022\/02\/Presidents-Bulletin-Winter-2022-French-1.pdf\" target=\"_blank\" rel=\"noreferrer noopener\">Mot de la pr\u00e9sidente - hiver 2022<\/a><\/p>\n\n\n\n<p><a href=\"https:\/\/www.cdnsba.org\/wp-content\/uploads\/2021\/06\/Presidents-Bulletin-Summer-2021-English-D2.pdf\">Bulletin du Pr\u00e9sident - \u00c9t\u00e9 2021<\/a><\/p>\n\n\n\n<p><a href=\"https:\/\/www.cdnsba.org\/wp-content\/uploads\/2021\/06\/Presidents-Bulletin-Summer-2021-French.pdf\" target=\"_blank\" rel=\"noreferrer noopener\">Mot de la pr\u00e9sidente - l'\u00e9t\u00e9 2021<\/a><\/p>\n\n\n\n<p><a href=\"https:\/\/www.cdnsba.org\/wp-content\/uploads\/2021\/02\/Presidents-Bulletin-Winter-2021-English.pdf\" target=\"_blank\" rel=\"noreferrer noopener\">Bulletin du Pr\u00e9sident - Hiver 2021<\/a><\/p>\n\n\n\n<p><a href=\"https:\/\/www.cdnsba.org\/wp-content\/uploads\/2021\/02\/Presidents-Bulletin-hiver-2021-FR.pdf\">Mot de la pr\u00e9sidente - hiver 2021<\/a><\/p>\n\n\n\n<p><a href=\"https:\/\/www.cdnsba.org\/wp-content\/uploads\/2020\/11\/Presidents-Bulletin-Fall-2020.pdf\" target=\"_blank\" rel=\"noreferrer noopener\">Bulletin du Pr\u00e9sident - Automne 2020<\/a><\/p>\n\n\n\n<p><a href=\"https:\/\/www.cdnsba.org\/wp-content\/uploads\/2020\/11\/Presidents-Bulletin-Fall-2020-FR.pdf\" target=\"_blank\" rel=\"noreferrer noopener\">Mot de la pr\u00e9sidente - automne 2020<\/a><\/p>\n\n\n\n<p><a href=\"https:\/\/www.cdnsba.org\/wp-content\/uploads\/2020\/08\/July-Bulletin-Layout.pdf\" target=\"_blank\" rel=\"noreferrer noopener\">Bulletin du Pr\u00e9sident - \u00c9t\u00e9 2020<\/a><\/p>\n\n\n\n<p><a href=\"https:\/\/www.cdnsba.org\/wp-content\/uploads\/2020\/08\/July-Bulletin-layout-D1-FR.pdf\" target=\"_blank\" rel=\"noreferrer noopener\">Mot de la pr\u00e9sidente - \u00e9t\u00e9 2020<\/a><\/p>\n\n\n\n<p><a href=\"https:\/\/www.cdnsba.org\/wp-content\/uploads\/2020\/05\/May-Bulletin-EN-2.pdf\" target=\"_blank\" rel=\"noreferrer noopener\">Bulletin du Pr\u00e9sident - Mai 2020<\/a><\/p>\n\n\n\n<p><a href=\"https:\/\/www.cdnsba.org\/wp-content\/uploads\/2020\/05\/May-Bulletin-FR-2.pdf\">Mot de la pr\u00e9sidente - mai 2020<\/a><\/p>\n\n\n\n<p><a href=\"https:\/\/www.cdnsba.org\/wp-content\/uploads\/2020\/03\/March-Bulletin.pdf\" target=\"_blank\" rel=\"noreferrer noopener\">Bulletin du Pr\u00e9sident - Mars 2020<\/a><\/p>\n\n\n\n<p><a href=\"https:\/\/www.cdnsba.org\/wp-content\/uploads\/2020\/03\/March-Bulletin-FR.pdf\">Mot de la pr\u00e9sidente - mars 2020<\/a><\/p>\n\n\n\n<p><a href=\"https:\/\/www.cdnsba.org\/wp-content\/uploads\/2019\/11\/November-2019-Presidents-Bulletin-D3.pdf\" target=\"_blank\" rel=\"noreferrer noopener\">Bulletin du Pr\u00e9sident - Novembre 2019<\/a><\/p>\n\n\n\n<p><a href=\"https:\/\/www.cdnsba.org\/wp-content\/uploads\/2019\/11\/Bulletin-de-la-presidente-automne-2019.pdf\" target=\"_blank\" rel=\"noreferrer noopener\">Bulletin de la presidente - automne 2019<\/a><\/p>\n\n\n\n<p><a href=\"http:\/\/www.cdnsba.org\/wp-content\/uploads\/2019\/06\/June-2019-Presidents-Bulletin.pdf\" target=\"_blank\" rel=\"noreferrer noopener\">Bulletin du Pr\u00e9sident - Juin 2019<\/a><\/p>\n\n\n\n<p><a href=\"http:\/\/www.cdnsba.org\/wp-content\/uploads\/2019\/06\/June-2019-Presidents-Bulletin-FR.docx.pdf\" target=\"_blank\" rel=\"noreferrer noopener\">Bulletin du Pr\u00e9sident - juin 2019<\/a><\/p>\n\n\n\n<p><a href=\"http:\/\/www.cdnsba.org\/wp-content\/uploads\/2019\/02\/February-2019-Presidents-Bulletin.docx.pdf\" target=\"_blank\" rel=\"noreferrer noopener\">Bulletin du Pr\u00e9sident - F\u00e9vrier 2019<\/a><\/p>\n\n\n\n<p><a href=\"http:\/\/cdnsba.org\/wp-content\/uploads\/2017\/12\/Pres-Bulletin-December-2017.pdf\" target=\"_blank\" rel=\"noreferrer noopener\">Bulletin du Pr\u00e9sident - D\u00e9cembre 2017<\/a><\/p>\n\n\n\n<p><a href=\"http:\/\/cdnsba.org\/wp-content\/uploads\/2017\/08\/CSBA-ANNUAL-REPORT-2016-17-VERSION-3-1-3-1.pdf\" target=\"_blank\" rel=\"noreferrer noopener\">Bulletin du Pr\u00e9sident - Juillet 2017<\/a><\/p>\n\n\n\n<p><a href=\"http:\/\/cdnsba.org\/wp-content\/uploads\/2017\/08\/2017-May-Pres.Bulletin4.pdf\" target=\"_blank\" rel=\"noreferrer noopener\">Bulletin du Pr\u00e9sident - Mai 2017<\/a><\/p>\n\n\n\n<p><a href=\"http:\/\/cdnsba.org\/wp-content\/uploads\/2017\/08\/2017-FEB-FINAL-1.pdf\" target=\"_blank\" rel=\"noreferrer noopener\">Bulletin du Pr\u00e9sident - F\u00e9vrier 2017<\/a><\/p>\n\n\n\n<p><a href=\"http:\/\/cdnsba.org\/wp-content\/uploads\/2017\/08\/Newsletter-Dec.-2016-Final-1.pdf\" target=\"_blank\" rel=\"noreferrer noopener\">Bulletin du Pr\u00e9sident - D\u00e9cembre 2016<\/a><\/p>\n\n\n\n<p><a href=\"http:\/\/cdnsba.org\/wp-content\/uploads\/2017\/08\/2016-July.pdf\" target=\"_blank\" rel=\"noreferrer noopener\">Bulletin du Pr\u00e9sident - Juillet 2016<\/a><\/p>\n\n\n<div class=\"wp-block-image\">\n<figure class=\"aligncenter size-large is-resized\"><img decoding=\"async\" width=\"1024\" height=\"688\" data-src=\"https:\/\/www.cdnsba.org\/wp-content\/uploads\/2017\/08\/DSC_1651-1024x688.jpg\" alt=\"A group of people at a long table with various flag behind them.\" class=\"wp-image-2966 lazyload\" style=\"--smush-placeholder-width: 1024px; --smush-placeholder-aspect-ratio: 1024\/688;width:768px;height:516px\" data-srcset=\"https:\/\/www.cdnsba.org\/wp-content\/uploads\/2017\/08\/DSC_1651-1024x688.jpg 1024w, https:\/\/www.cdnsba.org\/wp-content\/uploads\/2017\/08\/DSC_1651-300x201.jpg 300w, https:\/\/www.cdnsba.org\/wp-content\/uploads\/2017\/08\/DSC_1651-768x516.jpg 768w, https:\/\/www.cdnsba.org\/wp-content\/uploads\/2017\/08\/DSC_1651-1536x1031.jpg 1536w, https:\/\/www.cdnsba.org\/wp-content\/uploads\/2017\/08\/DSC_1651.jpg 1845w\" data-sizes=\"(max-width: 1024px) 100vw, 1024px\" src=\"data:image\/svg+xml;base64,PHN2ZyB3aWR0aD0iMSIgaGVpZ2h0PSIxIiB4bWxucz0iaHR0cDovL3d3dy53My5vcmcvMjAwMC9zdmciPjwvc3ZnPg==\" \/><\/figure>\n<\/div><\/div><\/div>\n\n<\/div><\/div>","protected":false},"excerpt":{"rendered":"<p>Le conseil d'administration de l'Association canadienne des commissions\/conseils scolaires se r\u00e9unit quatre fois par an pour discuter de sujets tels que les initiatives dans des juridictions sp\u00e9cifiques, les efforts de d\u00e9fense des int\u00e9r\u00eats sur des questions nationales communes, ainsi que...<\/p>","protected":false},"author":1,"featured_media":0,"parent":0,"menu_order":0,"comment_status":"closed","ping_status":"closed","template":"","meta":{"_kad_blocks_custom_css":"","_kad_blocks_head_custom_js":"","_kad_blocks_body_custom_js":"","_kad_blocks_footer_custom_js":"","_EventAllDay":false,"_EventTimezone":"","_EventStartDate":"","_EventEndDate":"","_EventStartDateUTC":"","_EventEndDateUTC":"","_EventShowMap":false,"_EventShowMapLink":false,"_EventURL":"","_EventCost":"","_EventCostDescription":"","_EventCurrencySymbol":"","_EventCurrencyCode":"","_EventCurrencyPosition":"","_EventDateTimeSeparator":"","_EventTimeRangeSeparator":"","_EventOrganizerID":[],"_EventVenueID":[0],"_OrganizerEmail":"","_OrganizerPhone":"","_OrganizerWebsite":"","_VenueAddress":"","_VenueCity":"","_VenueCountry":"","_VenueProvince":"","_VenueState":"","_VenueZip":"","_VenuePhone":"","_VenueURL":"","_VenueStateProvince":"","_VenueLat":"","_VenueLng":"","_VenueShowMap":false,"_VenueShowMapLink":false,"_kad_post_transparent":"","_kad_post_title":"show","_kad_post_layout":"","_kad_post_sidebar_id":"","_kad_post_content_style":"","_kad_post_vertical_padding":"","_kad_post_feature":"","_kad_post_feature_position":"","_kad_post_header":false,"_kad_post_footer":false,"_kad_post_classname":"","footnotes":""},"class_list":["post-1117","page","type-page","status-publish","hentry"],"taxonomy_info":[],"featured_image_src_large":false,"author_info":{"display_name":"digitalfusion","author_link":"https:\/\/www.cdnsba.org\/fr\/author\/digitalfusion\/"},"comment_info":0,"publishpress_future_action":{"enabled":false,"date":"2026-05-01 21:27:35","action":"change-status","newStatus":"draft","terms":[],"taxonomy":"","extraData":[]},"publishpress_future_workflow_manual_trigger":{"enabledWorkflows":[]},"_links":{"self":[{"href":"https:\/\/www.cdnsba.org\/fr\/wp-json\/wp\/v2\/pages\/1117","targetHints":{"allow":["GET"]}}],"collection":[{"href":"https:\/\/www.cdnsba.org\/fr\/wp-json\/wp\/v2\/pages"}],"about":[{"href":"https:\/\/www.cdnsba.org\/fr\/wp-json\/wp\/v2\/types\/page"}],"author":[{"embeddable":true,"href":"https:\/\/www.cdnsba.org\/fr\/wp-json\/wp\/v2\/users\/1"}],"replies":[{"embeddable":true,"href":"https:\/\/www.cdnsba.org\/fr\/wp-json\/wp\/v2\/comments?post=1117"}],"version-history":[{"count":22,"href":"https:\/\/www.cdnsba.org\/fr\/wp-json\/wp\/v2\/pages\/1117\/revisions"}],"predecessor-version":[{"id":6915,"href":"https:\/\/www.cdnsba.org\/fr\/wp-json\/wp\/v2\/pages\/1117\/revisions\/6915"}],"wp:attachment":[{"href":"https:\/\/www.cdnsba.org\/fr\/wp-json\/wp\/v2\/media?parent=1117"}],"curies":[{"name":"wp","href":"https:\/\/api.w.org\/{rel}","templated":true}]}}