{"id":1074,"date":"2022-03-07T21:50:11","date_gmt":"2022-03-07T21:50:11","guid":{"rendered":"https:\/\/dev.cdnsba.org\/?page_id=1074"},"modified":"2025-02-16T17:15:43","modified_gmt":"2025-02-16T17:15:43","slug":"advocacy","status":"publish","type":"page","link":"https:\/\/www.cdnsba.org\/fr\/advocacy\/","title":{"rendered":"Local Democratic Voice &amp; Advocacy"},"content":{"rendered":"<figure class=\"wp-block-image size-large\"><img decoding=\"async\" width=\"1024\" height=\"512\" data-src=\"https:\/\/www.cdnsba.org\/wp-content\/uploads\/2025\/02\/democratic-voice-image-1024x512.png\" alt=\"\" class=\"wp-image-6510 lazyload\" data-srcset=\"https:\/\/www.cdnsba.org\/wp-content\/uploads\/2025\/02\/democratic-voice-image-1024x512.png 1024w, https:\/\/www.cdnsba.org\/wp-content\/uploads\/2025\/02\/democratic-voice-image-300x150.png 300w, https:\/\/www.cdnsba.org\/wp-content\/uploads\/2025\/02\/democratic-voice-image-768x384.png 768w, https:\/\/www.cdnsba.org\/wp-content\/uploads\/2025\/02\/democratic-voice-image-18x9.png 18w, https:\/\/www.cdnsba.org\/wp-content\/uploads\/2025\/02\/democratic-voice-image.png 1200w\" data-sizes=\"(max-width: 1024px) 100vw, 1024px\" src=\"data:image\/svg+xml;base64,PHN2ZyB3aWR0aD0iMSIgaGVpZ2h0PSIxIiB4bWxucz0iaHR0cDovL3d3dy53My5vcmcvMjAwMC9zdmciPjwvc3ZnPg==\" style=\"--smush-placeholder-width: 1024px; --smush-placeholder-aspect-ratio: 1024\/512;\" \/><\/figure>\n\n\n\n<h2 class=\"wp-block-heading\"><br>La voix locale dans la prise de d\u00e9cision au niveau du syst\u00e8me scolaire \u00e0 travers le Canada : Rapport pr\u00e9par\u00e9 pour l'Association canadienne des commissions et conseils scolaires<\/h2>\n\n\n\n<p>Dr. Katina Pollock<\/p>\n\n\n\n<p>Cette enqu\u00eate a \u00e9t\u00e9 command\u00e9e par l'Association canadienne des commissions et conseils scolaires. L'Association a \u00e9t\u00e9 incit\u00e9e \u00e0 le faire en raison des pr\u00e9occupations des administrateurs concernant la perte d'implication du grand public - ou, comme beaucoup de nos r\u00e9pondants l'ont appel\u00e9, la voix locale - dans la prise de d\u00e9cision pour l'\u00e9ducation publique de la maternelle \u00e0 la 12e ann\u00e9e dans certaines parties du Canada.<\/p>\n\n\n\n<p><a href=\"https:\/\/www.cdnsba.org\/wp-content\/uploads\/2024\/06\/CSBA-Final-Report-February-16-2024-ES.pdf\">R\u00e9sum\u00e9<\/a><\/p>\n\n\n\n<p><a href=\"https:\/\/www.cdnsba.org\/wp-content\/uploads\/2024\/06\/CSBA-Final-Report-February-16-2024-Recommendations.pdf\">Recommandations<\/a><\/p>\n\n\n\n<p><a href=\"https:\/\/www.cdnsba.org\/wp-content\/uploads\/2024\/06\/CSBA-Final-Report-February-16-2024.pdf\">Rapport complet<\/a><\/p>\n\n\n\n<p><a href=\"https:\/\/www.cdnsba.org\/wp-content\/uploads\/2024\/08\/PollockNielsen_CSBA-Presentation-deck.pdf\">Pr\u00e9sentation du Congr\u00e8s 2024 du CSBA (diaporama)<\/a><\/p>\n\n\n\n<h2 class=\"wp-block-heading\"><strong>La voix locale dans la prise de d\u00e9cision<\/strong> <strong>au niveau du syst\u00e8me scolaire au Canada :<\/strong> <strong>Un rapport pr\u00e9par\u00e9 pour l'Association canadienne des commissions\/conseils scolaires<\/strong><\/h2>\n\n\n\n<p>Dre. Katina Pollock<\/p>\n\n\n\n<p>La pr\u00e9sente enqu\u00eate a \u00e9t\u00e9 command\u00e9e par <a>l'Association canadienne des commissions\/conseils scolaires<\/a> en raison des pr\u00e9occupations des \u00e9lu.e.s scolaires au sujet du d\u00e9clin de la participation du grand public - ou, comme plusieurs r\u00e9pondants l'ont qualifi\u00e9e, la voix locale - dans la prise de d\u00e9cision en enseignement M-12 financ\u00e9 par les fonds publics dans certaines r\u00e9gions du Canada.<\/p>\n\n\n\n<p><a href=\"https:\/\/www.cdnsba.org\/wp-content\/uploads\/2024\/06\/CSBA-Final-Report_Exec-Summary_fre.pdf\">Sommaire ex\u00e9cutif (en anglais)<\/a><\/p>\n\n\n\n<p><a href=\"https:\/\/www.cdnsba.org\/wp-content\/uploads\/2024\/06\/CSBA-Final-Report_Recommendations_fre.pdf\">Recommandations (en anglais)<\/a><\/p>\n\n\n\n<p><a href=\"https:\/\/www.cdnsba.org\/wp-content\/uploads\/2024\/06\/CSBA-Final-Report-February-16-2024.pdf\">Rapport complet (anglais)<\/a><\/p>\n\n\n\n<p><\/p>","protected":false},"excerpt":{"rendered":"<p>La voix locale dans la prise de d\u00e9cision au niveau du syst\u00e8me scolaire \u00e0 travers le Canada : Un rapport pr\u00e9par\u00e9 pour l'Association canadienne des commissions\/conseils scolaires Dr. Katina Pollock Cette enqu\u00eate a \u00e9t\u00e9 command\u00e9e par l'Association canadienne des commissions\/conseils scolaires....<\/p>","protected":false},"author":1,"featured_media":0,"parent":0,"menu_order":0,"comment_status":"closed","ping_status":"closed","template":"","meta":{"_kad_blocks_custom_css":"","_kad_blocks_head_custom_js":"","_kad_blocks_body_custom_js":"","_kad_blocks_footer_custom_js":"","_EventAllDay":false,"_EventTimezone":"","_EventStartDate":"","_EventEndDate":"","_EventStartDateUTC":"","_EventEndDateUTC":"","_EventShowMap":false,"_EventShowMapLink":false,"_EventURL":"","_EventCost":"","_EventCostDescription":"","_EventCurrencySymbol":"","_EventCurrencyCode":"","_EventCurrencyPosition":"","_EventDateTimeSeparator":"","_EventTimeRangeSeparator":"","_EventOrganizerID":[],"_EventVenueID":[0],"_OrganizerEmail":"","_OrganizerPhone":"","_OrganizerWebsite":"","_VenueAddress":"","_VenueCity":"","_VenueCountry":"","_VenueProvince":"","_VenueState":"","_VenueZip":"","_VenuePhone":"","_VenueURL":"","_VenueStateProvince":"","_VenueLat":"","_VenueLng":"","_VenueShowMap":false,"_VenueShowMapLink":false,"_kad_post_transparent":"","_kad_post_title":"show","_kad_post_layout":"","_kad_post_sidebar_id":"","_kad_post_content_style":"","_kad_post_vertical_padding":"","_kad_post_feature":"","_kad_post_feature_position":"","_kad_post_header":false,"_kad_post_footer":false,"_kad_post_classname":"","footnotes":""},"class_list":["post-1074","page","type-page","status-publish","hentry"],"taxonomy_info":[],"featured_image_src_large":false,"author_info":{"display_name":"digitalfusion","author_link":"https:\/\/www.cdnsba.org\/fr\/author\/digitalfusion\/"},"comment_info":0,"publishpress_future_action":{"enabled":false,"date":"2026-05-06 15:36:36","action":"change-status","newStatus":"draft","terms":[],"taxonomy":"","extraData":[]},"publishpress_future_workflow_manual_trigger":{"enabledWorkflows":[]},"_links":{"self":[{"href":"https:\/\/www.cdnsba.org\/fr\/wp-json\/wp\/v2\/pages\/1074","targetHints":{"allow":["GET"]}}],"collection":[{"href":"https:\/\/www.cdnsba.org\/fr\/wp-json\/wp\/v2\/pages"}],"about":[{"href":"https:\/\/www.cdnsba.org\/fr\/wp-json\/wp\/v2\/types\/page"}],"author":[{"embeddable":true,"href":"https:\/\/www.cdnsba.org\/fr\/wp-json\/wp\/v2\/users\/1"}],"replies":[{"embeddable":true,"href":"https:\/\/www.cdnsba.org\/fr\/wp-json\/wp\/v2\/comments?post=1074"}],"version-history":[{"count":8,"href":"https:\/\/www.cdnsba.org\/fr\/wp-json\/wp\/v2\/pages\/1074\/revisions"}],"predecessor-version":[{"id":6513,"href":"https:\/\/www.cdnsba.org\/fr\/wp-json\/wp\/v2\/pages\/1074\/revisions\/6513"}],"wp:attachment":[{"href":"https:\/\/www.cdnsba.org\/fr\/wp-json\/wp\/v2\/media?parent=1074"}],"curies":[{"name":"wp","href":"https:\/\/api.w.org\/{rel}","templated":true}]}}