{"id":10,"date":"2022-01-12T15:16:41","date_gmt":"2022-01-12T15:16:41","guid":{"rendered":"https:\/\/dev.cdnsba.org\/?page_id=10"},"modified":"2025-10-02T20:32:27","modified_gmt":"2025-10-02T20:32:27","slug":"annual-general-meeting","status":"publish","type":"page","link":"https:\/\/www.cdnsba.org\/fr\/annual-general-meeting\/","title":{"rendered":"Assembl\u00e9e g\u00e9n\u00e9rale annuelle"},"content":{"rendered":"<style>.kb-row-layout-wrap.wp-block-kadence-rowlayout.kb-row-layout-id10_9796ca-da{margin-bottom:10%;}.kb-row-layout-id10_9796ca-da > .kt-row-column-wrap{align-content:start;}:where(.kb-row-layout-id10_9796ca-da > .kt-row-column-wrap) > .wp-block-kadence-column{justify-content:start;}.kb-row-layout-id10_9796ca-da > .kt-row-column-wrap{column-gap:var(--global-kb-gap-md, 2rem);row-gap:var(--global-kb-gap-md, 2rem);max-width:80%;margin-left:auto;margin-right:auto;padding-top:0px;padding-bottom:25px;grid-template-columns:minmax(0, 1fr);}.kb-row-layout-id10_9796ca-da > .kt-row-layout-overlay{opacity:0.30;}@media all and (max-width: 1024px){.kb-row-layout-id10_9796ca-da > .kt-row-column-wrap{grid-template-columns:minmax(0, 1fr);}}@media all and (max-width: 767px){.kb-row-layout-id10_9796ca-da > .kt-row-column-wrap{max-width:90%;margin-left:auto;margin-right:auto;grid-template-columns:minmax(0, 1fr);}}<\/style><div class=\"kb-row-layout-wrap kb-row-layout-id10_9796ca-da alignnone wp-block-kadence-rowlayout\"><div class=\"kt-row-column-wrap kt-has-1-columns kt-row-layout-equal kt-tab-layout-inherit kt-mobile-layout-row kt-row-valign-top\">\n<style>.kadence-column10_5254d8-77 > .kt-inside-inner-col,.kadence-column10_5254d8-77 > .kt-inside-inner-col:before{border-top-left-radius:0px;border-top-right-radius:0px;border-bottom-right-radius:0px;border-bottom-left-radius:0px;}.kadence-column10_5254d8-77 > .kt-inside-inner-col{column-gap:var(--global-kb-gap-sm, 1rem);}.kadence-column10_5254d8-77 > .kt-inside-inner-col{flex-direction:column;}.kadence-column10_5254d8-77 > .kt-inside-inner-col > .aligncenter{width:100%;}.kadence-column10_5254d8-77 > .kt-inside-inner-col:before{opacity:0.3;}.kadence-column10_5254d8-77{position:relative;}@media all and (max-width: 1024px){.kadence-column10_5254d8-77 > .kt-inside-inner-col{flex-direction:column;justify-content:center;}}@media all and (max-width: 767px){.kadence-column10_5254d8-77 > .kt-inside-inner-col{flex-direction:column;justify-content:center;}}<\/style>\n<div class=\"wp-block-kadence-column kadence-column10_5254d8-77 inner-column-1\"><div class=\"kt-inside-inner-col\">\n<p>The Canadian School Boards Association hosts our Annual General Meeting during the National Trustees Gathering on Indigenous Education and Congress. This annual meeting provides an opportunity for the membership to come together to hear from the President, Vice-President, and Board of Directors. The annual report is presented at the Annual General Meeting.<\/p>\n\n\n\n<p><a href=\"https:\/\/www.cdnsba.org\/wp-content\/uploads\/2025\/10\/1.-2025-AGM-AGENDA.pdf\">2025 Annual General Meeting &#8211; agenda<\/a><\/p>\n\n\n\n<p><a href=\"https:\/\/www.cdnsba.org\/wp-content\/uploads\/2025\/10\/2.-2025-AGA-ORDRE-DU-JOUR.pdf\">2025 Assembl\u00e9e g\u00e9n\u00e9rale annuelle &#8211; ordre du jour<\/a><\/p>\n\n\n<style>.kadence-column10_988fd6-94 > .kt-inside-inner-col,.kadence-column10_988fd6-94 > .kt-inside-inner-col:before{border-top-left-radius:0px;border-top-right-radius:0px;border-bottom-right-radius:0px;border-bottom-left-radius:0px;}.kadence-column10_988fd6-94 > .kt-inside-inner-col{column-gap:var(--global-kb-gap-sm, 1rem);}.kadence-column10_988fd6-94 > .kt-inside-inner-col{flex-direction:column;}.kadence-column10_988fd6-94 > .kt-inside-inner-col > .aligncenter{width:100%;}.kadence-column10_988fd6-94 > .kt-inside-inner-col:before{opacity:0.3;}.kadence-column10_988fd6-94{position:relative;}@media all and (max-width: 1024px){.kadence-column10_988fd6-94 > .kt-inside-inner-col{flex-direction:column;justify-content:center;}}@media all and (max-width: 767px){.kadence-column10_988fd6-94 > .kt-inside-inner-col{flex-direction:column;justify-content:center;}}<\/style>\n<div class=\"wp-block-kadence-column kadence-column10_988fd6-94\"><div class=\"kt-inside-inner-col\"><\/div><\/div>\n\n\n\n<p><strong>Notice of Motion AGM October 2025<\/strong> &#8211; <strong>Constitutional Amendments<\/strong><\/p>\n\n\n\n<p>As per Article 10 of the CSBA Constitution (approved November 2020), the CSBA Board of Directors hereby gives notice of motion for recommended amendments to the Constitution. The directors (or designates) who represent member organizations on the Board of Directors will vote on the amendments at the 2025 Annual General Meeting on October 8 at 11:30am EST.<\/p>\n\n\n\n<p>The Constitution approved in November 2020 with recommended amendments highlighted and a clean copy that includes the amendments are available here:<\/p>\n\n\n\n<ul class=\"wp-block-list\">\n<li><a href=\"https:\/\/www.cdnsba.org\/wp-content\/uploads\/2025\/03\/Item-12.c.i-Constitution-Amendments-Changes-Tracked.pdf\">Constitutional amendments \u2013 highlighted<\/a><\/li>\n\n\n\n<li><a href=\"https:\/\/www.cdnsba.org\/wp-content\/uploads\/2025\/03\/Item-12.c.ii-Constitution-Amendments-Clean-Version-.pdf\">Constitutional amendments \u2013 incorporated<\/a><\/li>\n<\/ul>\n\n\n\n<p>Although only member association directors will vote, enquiries are welcome: executivedirector@cdnsba.org<\/p>\n\n\n\n<p><strong>Avis de motion\u00a0: AGA octobre 2025<\/strong> &#8211; <strong>Modifications \u00e0 l\u2019acte constitutif<\/strong><\/p>\n\n\n\n<p>Conform\u00e9ment \u00e0 l\u2019article 10 de l\u2019acte constitutif de l\u2019ACCCS (approuv\u00e9 en novembre 2020), le conseil d\u2019administration de l\u2019ACCCS donne avis, par la pr\u00e9sente, d\u2019une requ\u00eate de modifications recommand\u00e9es \u00e0 l\u2019acte constitutif. Les administrateurs (ou leurs repr\u00e9sentants d\u00e9sign\u00e9s) qui repr\u00e9sentent les organisations membres au sein du conseil d\u2019administration voteront sur les amendements lors de l\u2019assembl\u00e9e g\u00e9n\u00e9rale annuelle de 2025, le 8 octobre \u00e0 11 h 30 HNE.<\/p>\n\n\n\n<p>L\u2019acte constitutif approuv\u00e9 en novembre 2020 avec les modifications recommand\u00e9es surlign\u00e9es, et une copie propre qui inclut les modifications, sont disponibles ici&nbsp;:<\/p>\n\n\n\n<ul class=\"wp-block-list\">\n<li><a href=\"https:\/\/www.cdnsba.org\/wp-content\/uploads\/2025\/03\/Item-12.c.i-Constitution-Amendments-Changes-Tracked.pdf\">L\u2019acte constitutif approuv\u00e9 en novembre 2020 avec les modifications recommand\u00e9es surlign\u00e9es<\/a><\/li>\n\n\n\n<li><a href=\"https:\/\/www.cdnsba.org\/wp-content\/uploads\/2025\/03\/Item-12.c.ii-Constitution-Amendments-Clean-Version-.pdf\">une copie propre qui inclut les modifications, sont disponibles<\/a><\/li>\n<\/ul>\n\n\n\n<p>Bien que seuls les directeurs d\u2019associations membres voteront, les demandes de renseignements sont les bienvenues&nbsp;: executivedirector@cdnsba.org<\/p>\n\n\n<style>.kadence-column10_2819d4-f3 > .kt-inside-inner-col,.kadence-column10_2819d4-f3 > .kt-inside-inner-col:before{border-top-left-radius:0px;border-top-right-radius:0px;border-bottom-right-radius:0px;border-bottom-left-radius:0px;}.kadence-column10_2819d4-f3 > .kt-inside-inner-col{column-gap:var(--global-kb-gap-sm, 1rem);}.kadence-column10_2819d4-f3 > .kt-inside-inner-col{flex-direction:column;}.kadence-column10_2819d4-f3 > .kt-inside-inner-col > .aligncenter{width:100%;}.kadence-column10_2819d4-f3 > .kt-inside-inner-col:before{opacity:0.3;}.kadence-column10_2819d4-f3{position:relative;}@media all and (max-width: 1024px){.kadence-column10_2819d4-f3 > .kt-inside-inner-col{flex-direction:column;justify-content:center;}}@media all and (max-width: 767px){.kadence-column10_2819d4-f3 > .kt-inside-inner-col{flex-direction:column;justify-content:center;}}<\/style>\n<div class=\"wp-block-kadence-column kadence-column10_2819d4-f3\"><div class=\"kt-inside-inner-col\"><\/div><\/div>\n\n\n<style>.kadence-column10_af390d-a3 > .kt-inside-inner-col,.kadence-column10_af390d-a3 > .kt-inside-inner-col:before{border-top-left-radius:0px;border-top-right-radius:0px;border-bottom-right-radius:0px;border-bottom-left-radius:0px;}.kadence-column10_af390d-a3 > .kt-inside-inner-col{column-gap:var(--global-kb-gap-sm, 1rem);}.kadence-column10_af390d-a3 > .kt-inside-inner-col{flex-direction:column;}.kadence-column10_af390d-a3 > .kt-inside-inner-col > .aligncenter{width:100%;}.kadence-column10_af390d-a3 > .kt-inside-inner-col:before{opacity:0.3;}.kadence-column10_af390d-a3{position:relative;}@media all and (max-width: 1024px){.kadence-column10_af390d-a3 > .kt-inside-inner-col{flex-direction:column;justify-content:center;}}@media all and (max-width: 767px){.kadence-column10_af390d-a3 > .kt-inside-inner-col{flex-direction:column;justify-content:center;}}<\/style>\n<div class=\"wp-block-kadence-column kadence-column10_af390d-a3\"><div class=\"kt-inside-inner-col\"><\/div><\/div>\n\n\n\n<p><strong>Past AGMs<\/strong><\/p>\n\n\n\n<p><strong>2024<\/strong> <a href=\"https:\/\/www.cdnsba.org\/wp-content\/uploads\/2024\/07\/2024-AGM-Package.pdf\">Paquet pour l'assembl\u00e9e g\u00e9n\u00e9rale annuelle<\/a><\/p>\n\n\n\n<p><strong>2023<\/strong> <a href=\"https:\/\/www.cdnsba.org\/wp-content\/uploads\/2024\/07\/2023-AGM-package.pdf\">Paquet pour l'assembl\u00e9e g\u00e9n\u00e9rale annuelle<\/a><\/p>\n\n\n\n<p><strong>2022 <\/strong><a href=\"https:\/\/www.cdnsba.org\/wp-content\/uploads\/2022\/06\/AGM-2022-Package.pdf\">Paquet pour l'assembl\u00e9e g\u00e9n\u00e9rale annuelle<\/a><\/p>\n\n\n\n<p><strong>2021<\/strong>&nbsp;<a rel=\"noreferrer noopener\" href=\"https:\/\/www.cdnsba.org\/wp-content\/uploads\/2021\/10\/2021-AGM-Package.pdf\" target=\"_blank\">Paquet pour l'assembl\u00e9e g\u00e9n\u00e9rale annuelle<\/a><\/p>\n\n\n\n<p><strong>2020<\/strong>&nbsp;<a href=\"https:\/\/www.cdnsba.org\/wp-content\/uploads\/2020\/09\/2020-AGM-AGENDA-merged.pdf\" target=\"_blank\" rel=\"noreferrer noopener\">Paquet pour l'assembl\u00e9e g\u00e9n\u00e9rale annuelle<\/a><\/p>\n\n\n\n<p><strong>2019<\/strong>&nbsp;<a href=\"http:\/\/www.cdnsba.org\/wp-content\/uploads\/2019\/07\/2019-CSBA-AGM-Package.pdf\">Paquet pour l'assembl\u00e9e g\u00e9n\u00e9rale annuelle<\/a>&nbsp;<\/p>\n\n\n\n<p><strong>2018 <\/strong><a href=\"http:\/\/cdnsba.org\/wp-content\/uploads\/2011\/08\/CSBA-AGM-Report-2018.pdf\">Rapport de l'assembl\u00e9e g\u00e9n\u00e9rale annuelle<\/a><\/p>\n<\/div><\/div>\n\n<\/div><\/div>","protected":false},"excerpt":{"rendered":"<p>L'Association canadienne des commissions et conseils scolaires organise son assembl\u00e9e g\u00e9n\u00e9rale annuelle pendant le National Trustees Gathering on Indigenous Education and Congress (Rassemblement national des conseillers scolaires sur l'\u00e9ducation et le congr\u00e8s autochtones). Cette assembl\u00e9e annuelle permet aux membres de...<\/p>","protected":false},"author":1,"featured_media":0,"parent":0,"menu_order":0,"comment_status":"closed","ping_status":"closed","template":"","meta":{"_kad_blocks_custom_css":"","_kad_blocks_head_custom_js":"","_kad_blocks_body_custom_js":"","_kad_blocks_footer_custom_js":"","_EventAllDay":false,"_EventTimezone":"","_EventStartDate":"","_EventEndDate":"","_EventStartDateUTC":"","_EventEndDateUTC":"","_EventShowMap":false,"_EventShowMapLink":false,"_EventURL":"","_EventCost":"","_EventCostDescription":"","_EventCurrencySymbol":"","_EventCurrencyCode":"","_EventCurrencyPosition":"","_EventDateTimeSeparator":"","_EventTimeRangeSeparator":"","_EventOrganizerID":[],"_EventVenueID":[0],"_OrganizerEmail":"","_OrganizerPhone":"","_OrganizerWebsite":"","_VenueAddress":"","_VenueCity":"","_VenueCountry":"","_VenueProvince":"","_VenueState":"","_VenueZip":"","_VenuePhone":"","_VenueURL":"","_VenueStateProvince":"","_VenueLat":"","_VenueLng":"","_VenueShowMap":false,"_VenueShowMapLink":false,"_kad_post_transparent":"","_kad_post_title":"show","_kad_post_layout":"","_kad_post_sidebar_id":"","_kad_post_content_style":"","_kad_post_vertical_padding":"","_kad_post_feature":"","_kad_post_feature_position":"","_kad_post_header":false,"_kad_post_footer":false,"_kad_post_classname":"","footnotes":""},"class_list":["post-10","page","type-page","status-publish","hentry"],"taxonomy_info":[],"featured_image_src_large":false,"author_info":{"display_name":"digitalfusion","author_link":"https:\/\/www.cdnsba.org\/fr\/author\/digitalfusion\/"},"comment_info":0,"publishpress_future_action":{"enabled":false,"date":"2026-05-05 17:56:41","action":"change-status","newStatus":"draft","terms":[],"taxonomy":"","extraData":[]},"publishpress_future_workflow_manual_trigger":{"enabledWorkflows":[]},"_links":{"self":[{"href":"https:\/\/www.cdnsba.org\/fr\/wp-json\/wp\/v2\/pages\/10","targetHints":{"allow":["GET"]}}],"collection":[{"href":"https:\/\/www.cdnsba.org\/fr\/wp-json\/wp\/v2\/pages"}],"about":[{"href":"https:\/\/www.cdnsba.org\/fr\/wp-json\/wp\/v2\/types\/page"}],"author":[{"embeddable":true,"href":"https:\/\/www.cdnsba.org\/fr\/wp-json\/wp\/v2\/users\/1"}],"replies":[{"embeddable":true,"href":"https:\/\/www.cdnsba.org\/fr\/wp-json\/wp\/v2\/comments?post=10"}],"version-history":[{"count":11,"href":"https:\/\/www.cdnsba.org\/fr\/wp-json\/wp\/v2\/pages\/10\/revisions"}],"predecessor-version":[{"id":6786,"href":"https:\/\/www.cdnsba.org\/fr\/wp-json\/wp\/v2\/pages\/10\/revisions\/6786"}],"wp:attachment":[{"href":"https:\/\/www.cdnsba.org\/fr\/wp-json\/wp\/v2\/media?parent=10"}],"curies":[{"name":"wp","href":"https:\/\/api.w.org\/{rel}","templated":true}]}}